{"id":272,"date":"2021-06-12T22:18:39","date_gmt":"2021-06-12T22:18:39","guid":{"rendered":"https:\/\/www.osbbiyolojik.com\/?page_id=272"},"modified":"2022-04-02T09:49:19","modified_gmt":"2022-04-02T09:49:19","slug":"aydinlatma-metni","status":"publish","type":"page","link":"https:\/\/www.osbbiyolojik.com\/en\/aydinlatma-metni\/","title":{"rendered":"Clarification Text"},"content":{"rendered":"<p><strong>1. Identity of Data Controllers<\/strong><\/p>\n<p>Data Controllers in terms of your Personal Data; <strong>\u0130\u00e7erenk\u00f6y Mah. CALKAYA MH. 28113 SK. 5\/E<\/strong> AKSU\/ANTALYA (\u201cCompany\u201d).<strong>.<\/strong>.<\/p>\n<p><strong>2. Collection Method of Your Personal Data and Legal Reasons<\/strong><\/p>\n<p>Your personal data is subject to Article 5\/1 of the Law No. 6698 on the Protection of Personal Data (\u201cLaw\u201d).<strong>.<\/strong>It is collected automatically through the website and\/or application or via e-mail or SMS from your preferred contact address,<strong>\u00a0<\/strong>or through non-automatic methods such as participation form, based on your explicit consent, during the events and activities organized by the Companies.<\/p>\n<p><strong>3. Purposes of Processing Your Personal Data<\/strong><\/p>\n<p>Your collected personal data<strong>\u00a0(i)\u00a0<\/strong>Planning and execution of the processes of creating and increasing loyalty to the products and services offered by the companies,\u00a0<strong>(ii)<\/strong>\u00a0Planning and execution of the marketing processes of the companies' products and services,\u00a0<strong>(iii)<\/strong>\u00a0To carry out the necessary work by the business units and to carry out the relevant business processes in order to benefit the persons concerned from the products and services offered by the companies,\u00a0<strong>(iv)<\/strong>\u00a0Planning and execution of the activities required to customize the products and services offered by the companies according to the tastes, usage habits and needs of the relevant people, and to recommend them to the relevant people,\u00a0<strong>(v)<\/strong>\u00a0To carry out the necessary work by our relevant business units for the realization of commercial activities carried out by companies and to carry out related business processes,\u00a0<strong>(vi)<\/strong>\u00a0It may be processed by the Companies for the purposes of sending satisfaction surveys and planning and executing related processes.<\/p>\n<p><strong>4. Transfer of Your Personal Data to Third Parties and\/or Abroad<\/strong><\/p>\n<p>Your personal data is in the country or abroad within the framework of the transfer conditions specified in the 8th and 9th articles of the Law, in line with the purpose or purposes specified in the section titled \u201cPurposes of Processing Your Personal Data\u201d of this disclosure text,\u00a0<strong>(i)<\/strong>\u00a0third parties from whom we receive support in areas such as storage, archiving, call center, information technologies (server, hosting, software, cloud computing, etc.),\u00a0<strong>(ii)<\/strong>\u00a0to our subcontractors and service providers acting on behalf of the Companies within the framework of our services,\u00a0<strong>(iii)<\/strong>\u00a0to the group companies that receive services,\u00a0<strong>(iv)<\/strong>\u00a0to business partners, suppliers, law, etc. consultancy firms that receive support in similar fields\u00a0<strong>(v)<\/strong>\u00a0to Authorized institutions and organizations to fulfill legal or regulatory obligations or requests, and other related parties to whom the transfer is necessary for the specified purposes,\u00a0<strong>(vi)<\/strong>\u00a0In a possible merger\/acquisition\/restructuring process, it can be transferred to the relevant third parties only to the extent that it is related to the process.<\/p>\n<p><strong>5.  Rights<\/strong><\/p>\n<p>You can prepare your requests within the scope of Article 11 of the Law, which regulates the rights of the data subject, in accordance with the Communiqu\u00e9 on Application Procedures and Principles to Data Controllers, and send them to the Companies via the contact addresses below. Please confirm the current application methods from the legislation before applying.<\/p>\n<table border=\"1\" cellspacing=\"0\" cellpadding=\"1\">\n<tbody>\n<tr>\n<td><\/td>\n<td><\/td>\n<td><\/td>\n<td><\/td>\n<\/tr>\n<\/tbody>\n<\/table>","protected":false},"excerpt":{"rendered":"<p>1. Veri Sorumlular\u0131n\u0131n Kimli\u011fi Ki\u015fisel Verileriniz bak\u0131m\u0131ndan Veri Sorumlular\u0131;\u00a0\u0130\u00e7eren k\u00f6y Mah. \u00c7ALKAYA MH. 28113 SK. 5\/E AKSU\/ANTALYA adresinde mukim (\u201c\u015eirketi\u201d)\u2019dir. 2. Ki\u015fisel Verilerinizin Toplanma Y\u00f6ntemi ve Hukuki Sebepler Ki\u015fisel verileriniz, 6698 say\u0131l\u0131 Ki\u015fisel Verilerin Korunmas\u0131 Kanunu (\u201cKanun\u201d)\u2019nun 5\/1. maddesi \u00e7er\u00e7evesinde ve \u015eirketler taraf\u0131ndan d\u00fczenlenen etkinlik ve aktiviteler s\u0131ras\u0131nda\u00a0elektronik ortamda\u00a0web sitesi ve\/veya uygulama vas\u0131tas\u0131yla veya tercih [&hellip;]<\/p>\n","protected":false},"author":6,"featured_media":0,"parent":0,"menu_order":0,"comment_status":"closed","ping_status":"closed","template":"","meta":{"footnotes":""},"class_list":["post-272","page","type-page","status-publish","hentry"],"yoast_head":"<!-- This site is optimized with the Yoast SEO plugin v27.4 - https:\/\/yoast.com\/product\/yoast-seo-wordpress\/ -->\n<title>Ayd\u0131nlatma Metni - OSB Biyolojik<\/title>\n<meta name=\"robots\" content=\"index, follow, max-snippet:-1, max-image-preview:large, max-video-preview:-1\" \/>\n<link rel=\"canonical\" href=\"https:\/\/www.osbbiyolojik.com\/en\/aydinlatma-metni\/\" \/>\n<meta property=\"og:locale\" content=\"en_US\" \/>\n<meta property=\"og:type\" content=\"article\" \/>\n<meta property=\"og:title\" content=\"Ayd\u0131nlatma Metni - OSB Biyolojik\" \/>\n<meta property=\"og:description\" content=\"1. Veri Sorumlular\u0131n\u0131n Kimli\u011fi Ki\u015fisel Verileriniz bak\u0131m\u0131ndan Veri Sorumlular\u0131;\u00a0\u0130\u00e7eren k\u00f6y Mah. \u00c7ALKAYA MH. 28113 SK. 5\/E AKSU\/ANTALYA adresinde mukim (\u201c\u015eirketi\u201d)\u2019dir. 2. Ki\u015fisel Verilerinizin Toplanma Y\u00f6ntemi ve Hukuki Sebepler Ki\u015fisel verileriniz, 6698 say\u0131l\u0131 Ki\u015fisel Verilerin Korunmas\u0131 Kanunu (\u201cKanun\u201d)\u2019nun 5\/1. maddesi \u00e7er\u00e7evesinde ve \u015eirketler taraf\u0131ndan d\u00fczenlenen etkinlik ve aktiviteler s\u0131ras\u0131nda\u00a0elektronik ortamda\u00a0web sitesi ve\/veya uygulama vas\u0131tas\u0131yla veya tercih [&hellip;]\" \/>\n<meta property=\"og:url\" content=\"https:\/\/www.osbbiyolojik.com\/en\/aydinlatma-metni\/\" \/>\n<meta property=\"og:site_name\" content=\"OSB Biyolojik\" \/>\n<meta property=\"article:modified_time\" content=\"2022-04-02T09:49:19+00:00\" \/>\n<meta name=\"twitter:card\" content=\"summary_large_image\" \/>\n<meta name=\"twitter:site\" content=\"@LtdOsb\" \/>\n<meta name=\"twitter:label1\" content=\"Est. reading time\" \/>\n\t<meta name=\"twitter:data1\" content=\"3 minutes\" \/>\n<script type=\"application\/ld+json\" class=\"yoast-schema-graph\">{\"@context\":\"https:\\\/\\\/schema.org\",\"@graph\":[{\"@type\":\"WebPage\",\"@id\":\"https:\\\/\\\/www.osbbiyolojik.com\\\/aydinlatma-metni\\\/\",\"url\":\"https:\\\/\\\/www.osbbiyolojik.com\\\/aydinlatma-metni\\\/\",\"name\":\"Ayd\u0131nlatma Metni - OSB Biyolojik\",\"isPartOf\":{\"@id\":\"https:\\\/\\\/www.osbbiyolojik.com\\\/#website\"},\"datePublished\":\"2021-06-12T22:18:39+00:00\",\"dateModified\":\"2022-04-02T09:49:19+00:00\",\"breadcrumb\":{\"@id\":\"https:\\\/\\\/www.osbbiyolojik.com\\\/aydinlatma-metni\\\/#breadcrumb\"},\"inLanguage\":\"en-US\",\"potentialAction\":[{\"@type\":\"ReadAction\",\"target\":[\"https:\\\/\\\/www.osbbiyolojik.com\\\/aydinlatma-metni\\\/\"]}]},{\"@type\":\"BreadcrumbList\",\"@id\":\"https:\\\/\\\/www.osbbiyolojik.com\\\/aydinlatma-metni\\\/#breadcrumb\",\"itemListElement\":[{\"@type\":\"ListItem\",\"position\":1,\"name\":\"Anasayfa\",\"item\":\"https:\\\/\\\/www.osbbiyolojik.com\\\/\"},{\"@type\":\"ListItem\",\"position\":2,\"name\":\"Ayd\u0131nlatma Metni\"}]},{\"@type\":\"WebSite\",\"@id\":\"https:\\\/\\\/www.osbbiyolojik.com\\\/#website\",\"url\":\"https:\\\/\\\/www.osbbiyolojik.com\\\/\",\"name\":\"OSB Biyolojik\",\"description\":\"Bitki Koruma Sistemleri\",\"publisher\":{\"@id\":\"https:\\\/\\\/www.osbbiyolojik.com\\\/#organization\"},\"potentialAction\":[{\"@type\":\"SearchAction\",\"target\":{\"@type\":\"EntryPoint\",\"urlTemplate\":\"https:\\\/\\\/www.osbbiyolojik.com\\\/?s={search_term_string}\"},\"query-input\":{\"@type\":\"PropertyValueSpecification\",\"valueRequired\":true,\"valueName\":\"search_term_string\"}}],\"inLanguage\":\"en-US\"},{\"@type\":\"Organization\",\"@id\":\"https:\\\/\\\/www.osbbiyolojik.com\\\/#organization\",\"name\":\"OSB B\u0130YOLOJ\u0130K Bitki Koruma Sistemleri\",\"url\":\"https:\\\/\\\/www.osbbiyolojik.com\\\/\",\"logo\":{\"@type\":\"ImageObject\",\"inLanguage\":\"en-US\",\"@id\":\"https:\\\/\\\/www.osbbiyolojik.com\\\/#\\\/schema\\\/logo\\\/image\\\/\",\"url\":\"https:\\\/\\\/www.osbbiyolojik.com\\\/wp-content\\\/uploads\\\/2021\\\/02\\\/OSB-biyolojik-logo.png\",\"contentUrl\":\"https:\\\/\\\/www.osbbiyolojik.com\\\/wp-content\\\/uploads\\\/2021\\\/02\\\/OSB-biyolojik-logo.png\",\"width\":164,\"height\":62,\"caption\":\"OSB B\u0130YOLOJ\u0130K Bitki Koruma Sistemleri\"},\"image\":{\"@id\":\"https:\\\/\\\/www.osbbiyolojik.com\\\/#\\\/schema\\\/logo\\\/image\\\/\"},\"sameAs\":[\"https:\\\/\\\/x.com\\\/LtdOsb\",\"https:\\\/\\\/www.instagram.com\\\/2021osb\\\/\"]}]}<\/script>\n<!-- \/ Yoast SEO plugin. -->","yoast_head_json":{"title":"Ayd\u0131nlatma Metni - OSB Biyolojik","robots":{"index":"index","follow":"follow","max-snippet":"max-snippet:-1","max-image-preview":"max-image-preview:large","max-video-preview":"max-video-preview:-1"},"canonical":"https:\/\/www.osbbiyolojik.com\/en\/aydinlatma-metni\/","og_locale":"en_US","og_type":"article","og_title":"Ayd\u0131nlatma Metni - OSB Biyolojik","og_description":"1. Veri Sorumlular\u0131n\u0131n Kimli\u011fi Ki\u015fisel Verileriniz bak\u0131m\u0131ndan Veri Sorumlular\u0131;\u00a0\u0130\u00e7eren k\u00f6y Mah. \u00c7ALKAYA MH. 28113 SK. 5\/E AKSU\/ANTALYA adresinde mukim (\u201c\u015eirketi\u201d)\u2019dir. 2. Ki\u015fisel Verilerinizin Toplanma Y\u00f6ntemi ve Hukuki Sebepler Ki\u015fisel verileriniz, 6698 say\u0131l\u0131 Ki\u015fisel Verilerin Korunmas\u0131 Kanunu (\u201cKanun\u201d)\u2019nun 5\/1. maddesi \u00e7er\u00e7evesinde ve \u015eirketler taraf\u0131ndan d\u00fczenlenen etkinlik ve aktiviteler s\u0131ras\u0131nda\u00a0elektronik ortamda\u00a0web sitesi ve\/veya uygulama vas\u0131tas\u0131yla veya tercih [&hellip;]","og_url":"https:\/\/www.osbbiyolojik.com\/en\/aydinlatma-metni\/","og_site_name":"OSB Biyolojik","article_modified_time":"2022-04-02T09:49:19+00:00","twitter_card":"summary_large_image","twitter_site":"@LtdOsb","twitter_misc":{"Est. reading time":"3 minutes"},"schema":{"@context":"https:\/\/schema.org","@graph":[{"@type":"WebPage","@id":"https:\/\/www.osbbiyolojik.com\/aydinlatma-metni\/","url":"https:\/\/www.osbbiyolojik.com\/aydinlatma-metni\/","name":"Ayd\u0131nlatma Metni - OSB Biyolojik","isPartOf":{"@id":"https:\/\/www.osbbiyolojik.com\/#website"},"datePublished":"2021-06-12T22:18:39+00:00","dateModified":"2022-04-02T09:49:19+00:00","breadcrumb":{"@id":"https:\/\/www.osbbiyolojik.com\/aydinlatma-metni\/#breadcrumb"},"inLanguage":"en-US","potentialAction":[{"@type":"ReadAction","target":["https:\/\/www.osbbiyolojik.com\/aydinlatma-metni\/"]}]},{"@type":"BreadcrumbList","@id":"https:\/\/www.osbbiyolojik.com\/aydinlatma-metni\/#breadcrumb","itemListElement":[{"@type":"ListItem","position":1,"name":"Anasayfa","item":"https:\/\/www.osbbiyolojik.com\/"},{"@type":"ListItem","position":2,"name":"Ayd\u0131nlatma Metni"}]},{"@type":"WebSite","@id":"https:\/\/www.osbbiyolojik.com\/#website","url":"https:\/\/www.osbbiyolojik.com\/","name":"OSB BIOLOGICAL","description":"Bitki Koruma Sistemleri","publisher":{"@id":"https:\/\/www.osbbiyolojik.com\/#organization"},"potentialAction":[{"@type":"SearchAction","target":{"@type":"EntryPoint","urlTemplate":"https:\/\/www.osbbiyolojik.com\/?s={search_term_string}"},"query-input":{"@type":"PropertyValueSpecification","valueRequired":true,"valueName":"search_term_string"}}],"inLanguage":"en-US"},{"@type":"Organization","@id":"https:\/\/www.osbbiyolojik.com\/#organization","name":"OSB B\u0130YOLOJ\u0130K Bitki Koruma Sistemleri","url":"https:\/\/www.osbbiyolojik.com\/","logo":{"@type":"ImageObject","inLanguage":"en-US","@id":"https:\/\/www.osbbiyolojik.com\/#\/schema\/logo\/image\/","url":"https:\/\/www.osbbiyolojik.com\/wp-content\/uploads\/2021\/02\/OSB-biyolojik-logo.png","contentUrl":"https:\/\/www.osbbiyolojik.com\/wp-content\/uploads\/2021\/02\/OSB-biyolojik-logo.png","width":164,"height":62,"caption":"OSB B\u0130YOLOJ\u0130K Bitki Koruma Sistemleri"},"image":{"@id":"https:\/\/www.osbbiyolojik.com\/#\/schema\/logo\/image\/"},"sameAs":["https:\/\/x.com\/LtdOsb","https:\/\/www.instagram.com\/2021osb\/"]}]}},"_links":{"self":[{"href":"https:\/\/www.osbbiyolojik.com\/en\/wp-json\/wp\/v2\/pages\/272","targetHints":{"allow":["GET"]}}],"collection":[{"href":"https:\/\/www.osbbiyolojik.com\/en\/wp-json\/wp\/v2\/pages"}],"about":[{"href":"https:\/\/www.osbbiyolojik.com\/en\/wp-json\/wp\/v2\/types\/page"}],"author":[{"embeddable":true,"href":"https:\/\/www.osbbiyolojik.com\/en\/wp-json\/wp\/v2\/users\/6"}],"replies":[{"embeddable":true,"href":"https:\/\/www.osbbiyolojik.com\/en\/wp-json\/wp\/v2\/comments?post=272"}],"version-history":[{"count":2,"href":"https:\/\/www.osbbiyolojik.com\/en\/wp-json\/wp\/v2\/pages\/272\/revisions"}],"predecessor-version":[{"id":5529,"href":"https:\/\/www.osbbiyolojik.com\/en\/wp-json\/wp\/v2\/pages\/272\/revisions\/5529"}],"wp:attachment":[{"href":"https:\/\/www.osbbiyolojik.com\/en\/wp-json\/wp\/v2\/media?parent=272"}],"curies":[{"name":"wp","href":"https:\/\/api.w.org\/{rel}","templated":true}]}}