{"id":277,"date":"2021-06-12T22:19:54","date_gmt":"2021-06-12T22:19:54","guid":{"rendered":"https:\/\/www.osbbiyolojik.com\/?page_id=277"},"modified":"2022-04-02T09:49:27","modified_gmt":"2022-04-02T09:49:27","slug":"acik-riza-metni","status":"publish","type":"page","link":"https:\/\/www.osbbiyolojik.com\/en\/acik-riza-metni\/","title":{"rendered":"Express Consent Text"},"content":{"rendered":"<h2><strong>EXPRESS CONSENT TEXT AND E-MAIL MESSAGE CONFIRMATION TEXT<\/strong><\/h2>\n<p><a href=\"https:\/\/www.corteva.com.tr\/Aydinlatma-Metni.html\" target=\"_self\" rel=\"noopener\" data-analytics-type=\"cta-link\">Clarification Text<\/a>\u00a0within the consept of OSB BIOLOGICAL PLANT PROTECTION SYSTEMS CO. LTD. , (''<strong>Companies<\/strong>'') I accept that will process and store my personal data abroad for the following purposes and to offer and promote programs, products and services, and accordingly, to send advertisements, promotions, campaigns, promotions and similar commercial electronic messages by the Companies to my contact information below.<\/p>\n<ul>\n<li>Planning and execution of the processes of creating and increasing loyalty to the products and services offered by the companies<\/li>\n<li>Planning and execution of marketing processes of companies' products and services<\/li>\n<li><strong>To carry out the necessary work by the business units and to carry out the relevant business processes in order to benefit the persons concerned from the products and services offered by the companies,<\/strong><\/li>\n<li><strong>Planning and execution of the activities required to customize the products and services offered by the companies according to the tastes, usage habits and needs of the relevant people and recommend them to the relevant people.<\/strong><\/li>\n<li><strong>To carry out the necessary studies by our related business units for the realization of the commercial activities carried out by the companies and to carry out the related business processes<\/strong><\/li>\n<li><strong>Submission of satisfaction surveys and planning and execution of related processes<\/strong><\/li>\n<\/ul>\n<h2><\/h2>","protected":false},"excerpt":{"rendered":"<p>A\u00c7IK RIZA METN\u0130 VE\u00a0T\u0130CAR\u0130 ELEKTRON\u0130K \u0130LET\u0130 ONAY METN\u0130 Ayd\u0131nlatma Metni\u00a0kapsam\u0131nda, OSB B\u0130YOLOJ\u0130K B\u0130TK\u0130 KORUMA S\u0130STEMLER\u0130 LTD. \u015eT\u0130. (\u201c\u015eirketler\u201d) taraf\u0131ndan ki\u015fisel verilerimin a\u015fa\u011f\u0131daki ama\u00e7larla ve program, \u00fcr\u00fcn ve hizmetlerin \u00f6nerilmesi ile tan\u0131t\u0131lmas\u0131 i\u00e7in i\u015flenmesini, yurtd\u0131\u015f\u0131nda depolanmas\u0131n\u0131 ve bu do\u011frultuda a\u015fa\u011f\u0131da yer alan ileti\u015fim bilgilerime \u015eirketler taraf\u0131ndan reklam, promosyon, kampanya, tan\u0131t\u0131m ve benzeri ticari elektronik ileti g\u00f6nderilmesini [&hellip;]<\/p>\n","protected":false},"author":6,"featured_media":0,"parent":0,"menu_order":0,"comment_status":"closed","ping_status":"closed","template":"","meta":{"footnotes":""},"class_list":["post-277","page","type-page","status-publish","hentry"],"yoast_head":"<!-- This site is optimized with the Yoast SEO plugin v27.4 - https:\/\/yoast.com\/product\/yoast-seo-wordpress\/ -->\n<title>A\u00e7\u0131k R\u0131za Metni - OSB Biyolojik<\/title>\n<meta name=\"robots\" content=\"index, follow, max-snippet:-1, max-image-preview:large, max-video-preview:-1\" \/>\n<link rel=\"canonical\" href=\"https:\/\/www.osbbiyolojik.com\/en\/acik-riza-metni\/\" \/>\n<meta property=\"og:locale\" content=\"en_US\" \/>\n<meta property=\"og:type\" content=\"article\" \/>\n<meta property=\"og:title\" content=\"A\u00e7\u0131k R\u0131za Metni - OSB Biyolojik\" \/>\n<meta property=\"og:description\" content=\"A\u00c7IK RIZA METN\u0130 VE\u00a0T\u0130CAR\u0130 ELEKTRON\u0130K \u0130LET\u0130 ONAY METN\u0130 Ayd\u0131nlatma Metni\u00a0kapsam\u0131nda, OSB B\u0130YOLOJ\u0130K B\u0130TK\u0130 KORUMA S\u0130STEMLER\u0130 LTD. \u015eT\u0130. (\u201c\u015eirketler\u201d) taraf\u0131ndan ki\u015fisel verilerimin a\u015fa\u011f\u0131daki ama\u00e7larla ve program, \u00fcr\u00fcn ve hizmetlerin \u00f6nerilmesi ile tan\u0131t\u0131lmas\u0131 i\u00e7in i\u015flenmesini, yurtd\u0131\u015f\u0131nda depolanmas\u0131n\u0131 ve bu do\u011frultuda a\u015fa\u011f\u0131da yer alan ileti\u015fim bilgilerime \u015eirketler taraf\u0131ndan reklam, promosyon, kampanya, tan\u0131t\u0131m ve benzeri ticari elektronik ileti g\u00f6nderilmesini [&hellip;]\" \/>\n<meta property=\"og:url\" content=\"https:\/\/www.osbbiyolojik.com\/en\/acik-riza-metni\/\" \/>\n<meta property=\"og:site_name\" content=\"OSB Biyolojik\" \/>\n<meta property=\"article:modified_time\" content=\"2022-04-02T09:49:27+00:00\" \/>\n<meta name=\"twitter:card\" content=\"summary_large_image\" \/>\n<meta name=\"twitter:site\" content=\"@LtdOsb\" \/>\n<meta name=\"twitter:label1\" content=\"Est. reading time\" \/>\n\t<meta name=\"twitter:data1\" content=\"1 minute\" \/>\n<script type=\"application\/ld+json\" class=\"yoast-schema-graph\">{\"@context\":\"https:\\\/\\\/schema.org\",\"@graph\":[{\"@type\":\"WebPage\",\"@id\":\"https:\\\/\\\/www.osbbiyolojik.com\\\/acik-riza-metni\\\/\",\"url\":\"https:\\\/\\\/www.osbbiyolojik.com\\\/acik-riza-metni\\\/\",\"name\":\"A\u00e7\u0131k R\u0131za Metni - OSB Biyolojik\",\"isPartOf\":{\"@id\":\"https:\\\/\\\/www.osbbiyolojik.com\\\/#website\"},\"datePublished\":\"2021-06-12T22:19:54+00:00\",\"dateModified\":\"2022-04-02T09:49:27+00:00\",\"breadcrumb\":{\"@id\":\"https:\\\/\\\/www.osbbiyolojik.com\\\/acik-riza-metni\\\/#breadcrumb\"},\"inLanguage\":\"en-US\",\"potentialAction\":[{\"@type\":\"ReadAction\",\"target\":[\"https:\\\/\\\/www.osbbiyolojik.com\\\/acik-riza-metni\\\/\"]}]},{\"@type\":\"BreadcrumbList\",\"@id\":\"https:\\\/\\\/www.osbbiyolojik.com\\\/acik-riza-metni\\\/#breadcrumb\",\"itemListElement\":[{\"@type\":\"ListItem\",\"position\":1,\"name\":\"Anasayfa\",\"item\":\"https:\\\/\\\/www.osbbiyolojik.com\\\/\"},{\"@type\":\"ListItem\",\"position\":2,\"name\":\"A\u00e7\u0131k R\u0131za Metni\"}]},{\"@type\":\"WebSite\",\"@id\":\"https:\\\/\\\/www.osbbiyolojik.com\\\/#website\",\"url\":\"https:\\\/\\\/www.osbbiyolojik.com\\\/\",\"name\":\"OSB Biyolojik\",\"description\":\"Bitki Koruma Sistemleri\",\"publisher\":{\"@id\":\"https:\\\/\\\/www.osbbiyolojik.com\\\/#organization\"},\"potentialAction\":[{\"@type\":\"SearchAction\",\"target\":{\"@type\":\"EntryPoint\",\"urlTemplate\":\"https:\\\/\\\/www.osbbiyolojik.com\\\/?s={search_term_string}\"},\"query-input\":{\"@type\":\"PropertyValueSpecification\",\"valueRequired\":true,\"valueName\":\"search_term_string\"}}],\"inLanguage\":\"en-US\"},{\"@type\":\"Organization\",\"@id\":\"https:\\\/\\\/www.osbbiyolojik.com\\\/#organization\",\"name\":\"OSB B\u0130YOLOJ\u0130K Bitki Koruma Sistemleri\",\"url\":\"https:\\\/\\\/www.osbbiyolojik.com\\\/\",\"logo\":{\"@type\":\"ImageObject\",\"inLanguage\":\"en-US\",\"@id\":\"https:\\\/\\\/www.osbbiyolojik.com\\\/#\\\/schema\\\/logo\\\/image\\\/\",\"url\":\"https:\\\/\\\/www.osbbiyolojik.com\\\/wp-content\\\/uploads\\\/2021\\\/02\\\/OSB-biyolojik-logo.png\",\"contentUrl\":\"https:\\\/\\\/www.osbbiyolojik.com\\\/wp-content\\\/uploads\\\/2021\\\/02\\\/OSB-biyolojik-logo.png\",\"width\":164,\"height\":62,\"caption\":\"OSB B\u0130YOLOJ\u0130K Bitki Koruma Sistemleri\"},\"image\":{\"@id\":\"https:\\\/\\\/www.osbbiyolojik.com\\\/#\\\/schema\\\/logo\\\/image\\\/\"},\"sameAs\":[\"https:\\\/\\\/x.com\\\/LtdOsb\",\"https:\\\/\\\/www.instagram.com\\\/2021osb\\\/\"]}]}<\/script>\n<!-- \/ Yoast SEO plugin. -->","yoast_head_json":{"title":"A\u00e7\u0131k R\u0131za Metni - OSB Biyolojik","robots":{"index":"index","follow":"follow","max-snippet":"max-snippet:-1","max-image-preview":"max-image-preview:large","max-video-preview":"max-video-preview:-1"},"canonical":"https:\/\/www.osbbiyolojik.com\/en\/acik-riza-metni\/","og_locale":"en_US","og_type":"article","og_title":"A\u00e7\u0131k R\u0131za Metni - OSB Biyolojik","og_description":"A\u00c7IK RIZA METN\u0130 VE\u00a0T\u0130CAR\u0130 ELEKTRON\u0130K \u0130LET\u0130 ONAY METN\u0130 Ayd\u0131nlatma Metni\u00a0kapsam\u0131nda, OSB B\u0130YOLOJ\u0130K B\u0130TK\u0130 KORUMA S\u0130STEMLER\u0130 LTD. \u015eT\u0130. (\u201c\u015eirketler\u201d) taraf\u0131ndan ki\u015fisel verilerimin a\u015fa\u011f\u0131daki ama\u00e7larla ve program, \u00fcr\u00fcn ve hizmetlerin \u00f6nerilmesi ile tan\u0131t\u0131lmas\u0131 i\u00e7in i\u015flenmesini, yurtd\u0131\u015f\u0131nda depolanmas\u0131n\u0131 ve bu do\u011frultuda a\u015fa\u011f\u0131da yer alan ileti\u015fim bilgilerime \u015eirketler taraf\u0131ndan reklam, promosyon, kampanya, tan\u0131t\u0131m ve benzeri ticari elektronik ileti g\u00f6nderilmesini [&hellip;]","og_url":"https:\/\/www.osbbiyolojik.com\/en\/acik-riza-metni\/","og_site_name":"OSB Biyolojik","article_modified_time":"2022-04-02T09:49:27+00:00","twitter_card":"summary_large_image","twitter_site":"@LtdOsb","twitter_misc":{"Est. reading time":"1 minute"},"schema":{"@context":"https:\/\/schema.org","@graph":[{"@type":"WebPage","@id":"https:\/\/www.osbbiyolojik.com\/acik-riza-metni\/","url":"https:\/\/www.osbbiyolojik.com\/acik-riza-metni\/","name":"A\u00e7\u0131k R\u0131za Metni - OSB Biyolojik","isPartOf":{"@id":"https:\/\/www.osbbiyolojik.com\/#website"},"datePublished":"2021-06-12T22:19:54+00:00","dateModified":"2022-04-02T09:49:27+00:00","breadcrumb":{"@id":"https:\/\/www.osbbiyolojik.com\/acik-riza-metni\/#breadcrumb"},"inLanguage":"en-US","potentialAction":[{"@type":"ReadAction","target":["https:\/\/www.osbbiyolojik.com\/acik-riza-metni\/"]}]},{"@type":"BreadcrumbList","@id":"https:\/\/www.osbbiyolojik.com\/acik-riza-metni\/#breadcrumb","itemListElement":[{"@type":"ListItem","position":1,"name":"Anasayfa","item":"https:\/\/www.osbbiyolojik.com\/"},{"@type":"ListItem","position":2,"name":"A\u00e7\u0131k R\u0131za Metni"}]},{"@type":"WebSite","@id":"https:\/\/www.osbbiyolojik.com\/#website","url":"https:\/\/www.osbbiyolojik.com\/","name":"OSB BIOLOGICAL","description":"Bitki Koruma Sistemleri","publisher":{"@id":"https:\/\/www.osbbiyolojik.com\/#organization"},"potentialAction":[{"@type":"SearchAction","target":{"@type":"EntryPoint","urlTemplate":"https:\/\/www.osbbiyolojik.com\/?s={search_term_string}"},"query-input":{"@type":"PropertyValueSpecification","valueRequired":true,"valueName":"search_term_string"}}],"inLanguage":"en-US"},{"@type":"Organization","@id":"https:\/\/www.osbbiyolojik.com\/#organization","name":"OSB B\u0130YOLOJ\u0130K Bitki Koruma Sistemleri","url":"https:\/\/www.osbbiyolojik.com\/","logo":{"@type":"ImageObject","inLanguage":"en-US","@id":"https:\/\/www.osbbiyolojik.com\/#\/schema\/logo\/image\/","url":"https:\/\/www.osbbiyolojik.com\/wp-content\/uploads\/2021\/02\/OSB-biyolojik-logo.png","contentUrl":"https:\/\/www.osbbiyolojik.com\/wp-content\/uploads\/2021\/02\/OSB-biyolojik-logo.png","width":164,"height":62,"caption":"OSB B\u0130YOLOJ\u0130K Bitki Koruma Sistemleri"},"image":{"@id":"https:\/\/www.osbbiyolojik.com\/#\/schema\/logo\/image\/"},"sameAs":["https:\/\/x.com\/LtdOsb","https:\/\/www.instagram.com\/2021osb\/"]}]}},"_links":{"self":[{"href":"https:\/\/www.osbbiyolojik.com\/en\/wp-json\/wp\/v2\/pages\/277","targetHints":{"allow":["GET"]}}],"collection":[{"href":"https:\/\/www.osbbiyolojik.com\/en\/wp-json\/wp\/v2\/pages"}],"about":[{"href":"https:\/\/www.osbbiyolojik.com\/en\/wp-json\/wp\/v2\/types\/page"}],"author":[{"embeddable":true,"href":"https:\/\/www.osbbiyolojik.com\/en\/wp-json\/wp\/v2\/users\/6"}],"replies":[{"embeddable":true,"href":"https:\/\/www.osbbiyolojik.com\/en\/wp-json\/wp\/v2\/comments?post=277"}],"version-history":[{"count":2,"href":"https:\/\/www.osbbiyolojik.com\/en\/wp-json\/wp\/v2\/pages\/277\/revisions"}],"predecessor-version":[{"id":5531,"href":"https:\/\/www.osbbiyolojik.com\/en\/wp-json\/wp\/v2\/pages\/277\/revisions\/5531"}],"wp:attachment":[{"href":"https:\/\/www.osbbiyolojik.com\/en\/wp-json\/wp\/v2\/media?parent=277"}],"curies":[{"name":"wp","href":"https:\/\/api.w.org\/{rel}","templated":true}]}}