{"id":3941,"date":"2021-07-02T22:26:07","date_gmt":"2021-07-02T22:26:07","guid":{"rendered":"https:\/\/www.osbbiyolojik.com\/?page_id=3941"},"modified":"2022-09-07T02:10:13","modified_gmt":"2022-09-07T02:10:13","slug":"iptal-iade-degisim","status":"publish","type":"page","link":"https:\/\/www.osbbiyolojik.com\/en\/iptal-iade-degisim\/","title":{"rendered":"Cancellation Return"},"content":{"rendered":"<p><strong>OSB BIOLOGICAL PLANT PROTECTION SYSTEMS FT. IND. AND TRADE. CO. LTD.<\/strong>&nbsp;,which is shopping site&nbsp;<strong>www.osbbiological.com<\/strong>&nbsp;the products you buy online are under the guarantee of the manufacturer and importer. The invoice that we will send together with the product you have purchased, replaces the warranty certificate for these products. For this reason, please carefully keep the invoices that will be sent to you by us. Before using our products, carefully read the user manual and instructions for use.<\/p>\n\n\n\n<ol class=\"wp-block-list\"><li><strong>RIGHT OF WITHDRAWAL<\/strong><br><br>You can return the product you have purchased within 14 days from the delivery date without opening the package, using it, or allowing it to deteriorate. Before returning the product, please send it to mehmet.oba@osbbiyolojik.com with an e-mail containing your invoice number and order number, specifying the reason for the return.&nbsp;<strong>mehmet.oba@osbbiyolojik.com<\/strong>&nbsp;.&nbsp;<strong>OSB BIOLOGICAL PLANT PROTECTION SYSTEMS FT. IND. AND TRADE. CO. LTD.<\/strong>&nbsp;After sending the e-mail you sent to our communication channels, it will contact you and inform you about the return processes of the products. It should be sent back to us on the invoice issued in your name along with the product. The cost of another product or product will be refunded to your credit card instead of the returned product. Refunds will be paid due to transportation costs\/expenses will be covered by you.<\/li><li><strong>Damaged Products During Transport<\/strong><\/li><\/ol>\n\n\n\n<p>Sevkiyat s\u0131ras\u0131nda zarar g\u00f6rd\u00fc\u011f\u00fcn\u00fc d\u00fc\u015f\u00fcnd\u00fc\u011f\u00fcn\u00fcz paketleri teslim ald\u0131\u011f\u0131n\u0131z kargo yetkilisi \u00f6n\u00fcnde a\u00e7\u0131p kontrol etmeniz gerekmektedir. E\u011fer \u00fcr\u00fcnde bir tahribat mevcut ise kargo firmas\u0131na tutanak tutturarak \u00fcr\u00fcn\u00fc teslim almay\u0131n\u0131z. \u00dcr\u00fcn teslim al\u0131nd\u0131ktan sonra kargo firmas\u0131n\u0131n g\u00f6revini tam olarak yerine getirdi\u011fini kabul etmi\u015f oldu\u011funuzu unutmay\u0131n\u0131z. <\/p>\n\n\n\n<ol class=\"wp-block-list\" start=\"3\"><li><strong>Defective Product<\/strong><\/li><\/ol>\n\n\n\n<p>Please send an e-mail containing your invoice and order numbers by stating the faulty products that were not noticed during the delivery and occurred in the application to<strong>&nbsp;mehmet.oba@osbbiyolojik.com<\/strong>&nbsp;or&nbsp;<strong>OSB BIOLOGICAL PLANT PROTECTION SYSTEMS FT. IND. AND TRADE. CO. LTD.&nbsp;<\/strong>Please contact the communication channels. If your reason for return is deemed appropriate, the faulty product will be replaced with a new one after sending the invoice to our store together with the returned product. Refunds will be paid due to transportation costs will be covered by you.<\/p>","protected":false},"excerpt":{"rendered":"<p>OSB B\u0130YOLOJ\u0130K B\u0130TK\u0130 KORUMA S\u0130STEMLER\u0130 \u0130TH. \u0130HR. SAN. ve T\u0130C. LTD. \u015eT\u0130.&nbsp;al\u0131\u015fveri\u015f sitesi olan&nbsp;www.osbbiyolojik.com&nbsp;\u00fczerinden online olarak sat\u0131n alaca\u011f\u0131n\u0131z \u00fcr\u00fcnler imalat\u00e7\u0131 ve ithalat\u00e7\u0131 firma garantisi alt\u0131ndad\u0131r. Sat\u0131n ald\u0131\u011f\u0131n\u0131z \u00fcr\u00fcn ile beraber yollayaca\u011f\u0131m\u0131z fatura, bu \u00fcr\u00fcnler i\u00e7in garanti belgesi yerine ge\u00e7mektedir. Bu sebeple taraf\u0131m\u0131zca sizlere yollanacak olan faturalar\u0131 l\u00fctfen \u00f6zenle saklay\u0131n\u0131z. \u00dcr\u00fcnlerimizi kullanmadan \u00f6nce kullan\u0131m k\u0131lavuzunu ve [&hellip;]<\/p>\n","protected":false},"author":6,"featured_media":0,"parent":0,"menu_order":0,"comment_status":"closed","ping_status":"closed","template":"","meta":{"footnotes":""},"class_list":["post-3941","page","type-page","status-publish","hentry"],"yoast_head":"<!-- This site is optimized with the Yoast SEO plugin v27.4 - https:\/\/yoast.com\/product\/yoast-seo-wordpress\/ -->\n<title>\u0130ptal \u0130adesi - OSB Biyolojik<\/title>\n<meta name=\"robots\" content=\"index, follow, max-snippet:-1, max-image-preview:large, max-video-preview:-1\" \/>\n<link rel=\"canonical\" href=\"https:\/\/www.osbbiyolojik.com\/en\/iptal-iade-degisim\/\" \/>\n<meta property=\"og:locale\" content=\"en_US\" \/>\n<meta property=\"og:type\" content=\"article\" \/>\n<meta property=\"og:title\" content=\"\u0130ptal \u0130adesi - OSB Biyolojik\" \/>\n<meta property=\"og:description\" content=\"OSB B\u0130YOLOJ\u0130K B\u0130TK\u0130 KORUMA S\u0130STEMLER\u0130 \u0130TH. \u0130HR. SAN. ve T\u0130C. LTD. \u015eT\u0130.&nbsp;al\u0131\u015fveri\u015f sitesi olan&nbsp;www.osbbiyolojik.com&nbsp;\u00fczerinden online olarak sat\u0131n alaca\u011f\u0131n\u0131z \u00fcr\u00fcnler imalat\u00e7\u0131 ve ithalat\u00e7\u0131 firma garantisi alt\u0131ndad\u0131r. Sat\u0131n ald\u0131\u011f\u0131n\u0131z \u00fcr\u00fcn ile beraber yollayaca\u011f\u0131m\u0131z fatura, bu \u00fcr\u00fcnler i\u00e7in garanti belgesi yerine ge\u00e7mektedir. Bu sebeple taraf\u0131m\u0131zca sizlere yollanacak olan faturalar\u0131 l\u00fctfen \u00f6zenle saklay\u0131n\u0131z. \u00dcr\u00fcnlerimizi kullanmadan \u00f6nce kullan\u0131m k\u0131lavuzunu ve [&hellip;]\" \/>\n<meta property=\"og:url\" content=\"https:\/\/www.osbbiyolojik.com\/en\/iptal-iade-degisim\/\" \/>\n<meta property=\"og:site_name\" content=\"OSB Biyolojik\" \/>\n<meta property=\"article:modified_time\" content=\"2022-09-07T02:10:13+00:00\" \/>\n<meta name=\"twitter:card\" content=\"summary_large_image\" \/>\n<meta name=\"twitter:site\" content=\"@LtdOsb\" \/>\n<meta name=\"twitter:label1\" content=\"Est. reading time\" \/>\n\t<meta name=\"twitter:data1\" content=\"2 minutes\" \/>\n<script type=\"application\/ld+json\" class=\"yoast-schema-graph\">{\"@context\":\"https:\\\/\\\/schema.org\",\"@graph\":[{\"@type\":\"WebPage\",\"@id\":\"https:\\\/\\\/www.osbbiyolojik.com\\\/iptal-iade-degisim\\\/\",\"url\":\"https:\\\/\\\/www.osbbiyolojik.com\\\/iptal-iade-degisim\\\/\",\"name\":\"\u0130ptal \u0130adesi - OSB Biyolojik\",\"isPartOf\":{\"@id\":\"https:\\\/\\\/www.osbbiyolojik.com\\\/#website\"},\"datePublished\":\"2021-07-02T22:26:07+00:00\",\"dateModified\":\"2022-09-07T02:10:13+00:00\",\"breadcrumb\":{\"@id\":\"https:\\\/\\\/www.osbbiyolojik.com\\\/iptal-iade-degisim\\\/#breadcrumb\"},\"inLanguage\":\"en-US\",\"potentialAction\":[{\"@type\":\"ReadAction\",\"target\":[\"https:\\\/\\\/www.osbbiyolojik.com\\\/iptal-iade-degisim\\\/\"]}]},{\"@type\":\"BreadcrumbList\",\"@id\":\"https:\\\/\\\/www.osbbiyolojik.com\\\/iptal-iade-degisim\\\/#breadcrumb\",\"itemListElement\":[{\"@type\":\"ListItem\",\"position\":1,\"name\":\"Anasayfa\",\"item\":\"https:\\\/\\\/www.osbbiyolojik.com\\\/\"},{\"@type\":\"ListItem\",\"position\":2,\"name\":\"\u0130ptal \u0130adesi\"}]},{\"@type\":\"WebSite\",\"@id\":\"https:\\\/\\\/www.osbbiyolojik.com\\\/#website\",\"url\":\"https:\\\/\\\/www.osbbiyolojik.com\\\/\",\"name\":\"OSB Biyolojik\",\"description\":\"Bitki Koruma Sistemleri\",\"publisher\":{\"@id\":\"https:\\\/\\\/www.osbbiyolojik.com\\\/#organization\"},\"potentialAction\":[{\"@type\":\"SearchAction\",\"target\":{\"@type\":\"EntryPoint\",\"urlTemplate\":\"https:\\\/\\\/www.osbbiyolojik.com\\\/?s={search_term_string}\"},\"query-input\":{\"@type\":\"PropertyValueSpecification\",\"valueRequired\":true,\"valueName\":\"search_term_string\"}}],\"inLanguage\":\"en-US\"},{\"@type\":\"Organization\",\"@id\":\"https:\\\/\\\/www.osbbiyolojik.com\\\/#organization\",\"name\":\"OSB B\u0130YOLOJ\u0130K Bitki Koruma Sistemleri\",\"url\":\"https:\\\/\\\/www.osbbiyolojik.com\\\/\",\"logo\":{\"@type\":\"ImageObject\",\"inLanguage\":\"en-US\",\"@id\":\"https:\\\/\\\/www.osbbiyolojik.com\\\/#\\\/schema\\\/logo\\\/image\\\/\",\"url\":\"https:\\\/\\\/www.osbbiyolojik.com\\\/wp-content\\\/uploads\\\/2021\\\/02\\\/OSB-biyolojik-logo.png\",\"contentUrl\":\"https:\\\/\\\/www.osbbiyolojik.com\\\/wp-content\\\/uploads\\\/2021\\\/02\\\/OSB-biyolojik-logo.png\",\"width\":164,\"height\":62,\"caption\":\"OSB B\u0130YOLOJ\u0130K Bitki Koruma Sistemleri\"},\"image\":{\"@id\":\"https:\\\/\\\/www.osbbiyolojik.com\\\/#\\\/schema\\\/logo\\\/image\\\/\"},\"sameAs\":[\"https:\\\/\\\/x.com\\\/LtdOsb\",\"https:\\\/\\\/www.instagram.com\\\/2021osb\\\/\"]}]}<\/script>\n<!-- \/ Yoast SEO plugin. -->","yoast_head_json":{"title":"\u0130ptal \u0130adesi - OSB Biyolojik","robots":{"index":"index","follow":"follow","max-snippet":"max-snippet:-1","max-image-preview":"max-image-preview:large","max-video-preview":"max-video-preview:-1"},"canonical":"https:\/\/www.osbbiyolojik.com\/en\/iptal-iade-degisim\/","og_locale":"en_US","og_type":"article","og_title":"\u0130ptal \u0130adesi - OSB Biyolojik","og_description":"OSB B\u0130YOLOJ\u0130K B\u0130TK\u0130 KORUMA S\u0130STEMLER\u0130 \u0130TH. \u0130HR. SAN. ve T\u0130C. LTD. \u015eT\u0130.&nbsp;al\u0131\u015fveri\u015f sitesi olan&nbsp;www.osbbiyolojik.com&nbsp;\u00fczerinden online olarak sat\u0131n alaca\u011f\u0131n\u0131z \u00fcr\u00fcnler imalat\u00e7\u0131 ve ithalat\u00e7\u0131 firma garantisi alt\u0131ndad\u0131r. Sat\u0131n ald\u0131\u011f\u0131n\u0131z \u00fcr\u00fcn ile beraber yollayaca\u011f\u0131m\u0131z fatura, bu \u00fcr\u00fcnler i\u00e7in garanti belgesi yerine ge\u00e7mektedir. Bu sebeple taraf\u0131m\u0131zca sizlere yollanacak olan faturalar\u0131 l\u00fctfen \u00f6zenle saklay\u0131n\u0131z. \u00dcr\u00fcnlerimizi kullanmadan \u00f6nce kullan\u0131m k\u0131lavuzunu ve [&hellip;]","og_url":"https:\/\/www.osbbiyolojik.com\/en\/iptal-iade-degisim\/","og_site_name":"OSB Biyolojik","article_modified_time":"2022-09-07T02:10:13+00:00","twitter_card":"summary_large_image","twitter_site":"@LtdOsb","twitter_misc":{"Est. reading time":"2 minutes"},"schema":{"@context":"https:\/\/schema.org","@graph":[{"@type":"WebPage","@id":"https:\/\/www.osbbiyolojik.com\/iptal-iade-degisim\/","url":"https:\/\/www.osbbiyolojik.com\/iptal-iade-degisim\/","name":"\u0130ptal \u0130adesi - OSB Biyolojik","isPartOf":{"@id":"https:\/\/www.osbbiyolojik.com\/#website"},"datePublished":"2021-07-02T22:26:07+00:00","dateModified":"2022-09-07T02:10:13+00:00","breadcrumb":{"@id":"https:\/\/www.osbbiyolojik.com\/iptal-iade-degisim\/#breadcrumb"},"inLanguage":"en-US","potentialAction":[{"@type":"ReadAction","target":["https:\/\/www.osbbiyolojik.com\/iptal-iade-degisim\/"]}]},{"@type":"BreadcrumbList","@id":"https:\/\/www.osbbiyolojik.com\/iptal-iade-degisim\/#breadcrumb","itemListElement":[{"@type":"ListItem","position":1,"name":"Anasayfa","item":"https:\/\/www.osbbiyolojik.com\/"},{"@type":"ListItem","position":2,"name":"\u0130ptal \u0130adesi"}]},{"@type":"WebSite","@id":"https:\/\/www.osbbiyolojik.com\/#website","url":"https:\/\/www.osbbiyolojik.com\/","name":"OSB BIOLOGICAL","description":"Bitki Koruma Sistemleri","publisher":{"@id":"https:\/\/www.osbbiyolojik.com\/#organization"},"potentialAction":[{"@type":"SearchAction","target":{"@type":"EntryPoint","urlTemplate":"https:\/\/www.osbbiyolojik.com\/?s={search_term_string}"},"query-input":{"@type":"PropertyValueSpecification","valueRequired":true,"valueName":"search_term_string"}}],"inLanguage":"en-US"},{"@type":"Organization","@id":"https:\/\/www.osbbiyolojik.com\/#organization","name":"OSB B\u0130YOLOJ\u0130K Bitki Koruma Sistemleri","url":"https:\/\/www.osbbiyolojik.com\/","logo":{"@type":"ImageObject","inLanguage":"en-US","@id":"https:\/\/www.osbbiyolojik.com\/#\/schema\/logo\/image\/","url":"https:\/\/www.osbbiyolojik.com\/wp-content\/uploads\/2021\/02\/OSB-biyolojik-logo.png","contentUrl":"https:\/\/www.osbbiyolojik.com\/wp-content\/uploads\/2021\/02\/OSB-biyolojik-logo.png","width":164,"height":62,"caption":"OSB B\u0130YOLOJ\u0130K Bitki Koruma Sistemleri"},"image":{"@id":"https:\/\/www.osbbiyolojik.com\/#\/schema\/logo\/image\/"},"sameAs":["https:\/\/x.com\/LtdOsb","https:\/\/www.instagram.com\/2021osb\/"]}]}},"_links":{"self":[{"href":"https:\/\/www.osbbiyolojik.com\/en\/wp-json\/wp\/v2\/pages\/3941","targetHints":{"allow":["GET"]}}],"collection":[{"href":"https:\/\/www.osbbiyolojik.com\/en\/wp-json\/wp\/v2\/pages"}],"about":[{"href":"https:\/\/www.osbbiyolojik.com\/en\/wp-json\/wp\/v2\/types\/page"}],"author":[{"embeddable":true,"href":"https:\/\/www.osbbiyolojik.com\/en\/wp-json\/wp\/v2\/users\/6"}],"replies":[{"embeddable":true,"href":"https:\/\/www.osbbiyolojik.com\/en\/wp-json\/wp\/v2\/comments?post=3941"}],"version-history":[{"count":3,"href":"https:\/\/www.osbbiyolojik.com\/en\/wp-json\/wp\/v2\/pages\/3941\/revisions"}],"predecessor-version":[{"id":5805,"href":"https:\/\/www.osbbiyolojik.com\/en\/wp-json\/wp\/v2\/pages\/3941\/revisions\/5805"}],"wp:attachment":[{"href":"https:\/\/www.osbbiyolojik.com\/en\/wp-json\/wp\/v2\/media?parent=3941"}],"curies":[{"name":"wp","href":"https:\/\/api.w.org\/{rel}","templated":true}]}}