{"id":3098,"date":"2021-06-23T17:38:24","date_gmt":"2021-06-23T17:38:24","guid":{"rendered":"https:\/\/www.osbbiyolojik.com\/?post_type=product&#038;p=3098"},"modified":"2022-04-02T11:22:47","modified_gmt":"2022-04-02T11:22:47","slug":"sari-delta-tuzaklar","status":"publish","type":"product","link":"https:\/\/www.osbbiyolojik.com\/en\/product\/sari-delta-tuzaklar\/","title":{"rendered":"Yellow Delta Trap"},"content":{"rendered":"<p>In greenhouses and open fields, it is used for observation purposes and to determine the economic loss threshold.<\/p>\n<table style=\"border-collapse: collapse; width: 100%; height: 105px;\">\n<tbody>\n<tr style=\"height: 24px;\">\n<td style=\"width: 48.8978%; height: 24px;\">Dimension:<\/td>\n<td style=\"width: 51.1022%; height: 24px;\">30cm x 60cm<\/p>\n<p>25cm x 60cm<\/td>\n<\/tr>\n<tr style=\"height: 24px;\">\n<td style=\"width: 48.8978%; height: 23px;\">Color:<\/td>\n<td style=\"width: 51.1022%; height: 23px;\">Yellow, Red, Black and Blue<\/td>\n<\/tr>\n<tr style=\"height: 24px;\">\n<td style=\"width: 48.8978%; height: 10px;\"><\/td>\n<td style=\"width: 51.1022%; height: 10px;\"><\/td>\n<\/tr>\n<tr style=\"height: 24px;\">\n<td style=\"width: 48.8978%; height: 24px;\">Target Pest(s):<\/td>\n<td style=\"width: 51.1022%; height: 24px;\">For an observation purpose, it can be used for all insects types.<\/td>\n<\/tr>\n<tr style=\"height: 24px;\">\n<td style=\"width: 48.8978%; height: 24px;\">Recommended Amount:<\/td>\n<td style=\"width: 51.1022%; height: 24px;\">It is recommended 5-10 pcs\/ 1000m2.<\/td>\n<\/tr>\n<\/tbody>\n<\/table>\n<p>&nbsp;<\/p>\n<p>For visual purposes, it is introduced to determine economic loss threshold. Hereby, the chemical application timing is determined. As it reduces the cost of the chemical applying, it also increases the effectiveness of chemicals.<\/p>\n<p>Sticky Delta Traps are easy and practical in terms of usage. Both sides are sticky and it is rather adhesive.  It does not leak and contaminate. Not affected by environmental conditions, do not lose its stickiness. Additionally, it is resistant to sunlight (UV).<\/p>\n<p>Can be combined with pheromones in greenhouses and open areas<\/p>\n<p><span style=\"color: #ff0000;\"><em><strong>Note:<\/strong> They can be produced in intended sizes and colors.<\/em><\/span><\/p>","protected":false},"excerpt":{"rendered":"<p>Sera ve a\u00e7\u0131k alanlarda, \u00a0g\u00f6zlem ama\u00e7l\u0131 ve ekonomik zarar e\u015fi\u011fi tespitinde kullan\u0131lmaktad\u0131r. Ebat: 30cm x 60cm 25cm x 60cm Renk: Sar\u0131, K\u0131rm\u0131z\u0131, Siyah ve Mavi Hedef Zararl\u0131: G\u00f6zlem Ama\u00e7l\u0131, her t\u00fcrl\u00fc zararl\u0131 i\u00e7in kullan\u0131labilir. Tavsiye Edilen Miktar: Dekara 5-10 adet \u00f6nerilir. &nbsp; G\u00f6rsel ama\u00e7l\u0131, ekonomik zarar e\u015fi\u011fi tespitinde kullan\u0131l\u0131r. B\u00f6ylece ila\u00e7lama zaman\u0131 tespit\u00a0 edilir. \u0130la\u00e7lama [&hellip;]<\/p>\n","protected":false},"featured_media":3095,"template":"","meta":[],"product_brand":[],"product_cat":[20],"product_tag":[],"class_list":{"0":"post-3098","1":"product","2":"type-product","3":"status-publish","4":"has-post-thumbnail","6":"product_cat-delta-tuzaklar","8":"first","9":"instock","10":"shipping-taxable","11":"product-type-simple"},"yoast_head":"<!-- This site is optimized with the Yoast SEO plugin v27.4 - https:\/\/yoast.com\/product\/yoast-seo-wordpress\/ -->\n<title>Sar\u0131 Delta Tuzak - OSB Biyolojik<\/title>\n<meta name=\"robots\" content=\"index, follow, max-snippet:-1, max-image-preview:large, max-video-preview:-1\" \/>\n<link rel=\"canonical\" href=\"https:\/\/www.osbbiyolojik.com\/en\/product\/sari-delta-tuzaklar\/\" \/>\n<meta property=\"og:locale\" content=\"en_US\" \/>\n<meta property=\"og:type\" content=\"article\" \/>\n<meta property=\"og:title\" content=\"Sar\u0131 Delta Tuzak - OSB Biyolojik\" \/>\n<meta property=\"og:description\" content=\"Sera ve a\u00e7\u0131k alanlarda, \u00a0g\u00f6zlem ama\u00e7l\u0131 ve ekonomik zarar e\u015fi\u011fi tespitinde kullan\u0131lmaktad\u0131r. Ebat: 30cm x 60cm 25cm x 60cm Renk: Sar\u0131, K\u0131rm\u0131z\u0131, Siyah ve Mavi Hedef Zararl\u0131: G\u00f6zlem Ama\u00e7l\u0131, her t\u00fcrl\u00fc zararl\u0131 i\u00e7in kullan\u0131labilir. Tavsiye Edilen Miktar: Dekara 5-10 adet \u00f6nerilir. &nbsp; G\u00f6rsel ama\u00e7l\u0131, ekonomik zarar e\u015fi\u011fi tespitinde kullan\u0131l\u0131r. B\u00f6ylece ila\u00e7lama zaman\u0131 tespit\u00a0 edilir. \u0130la\u00e7lama [&hellip;]\" \/>\n<meta property=\"og:url\" content=\"https:\/\/www.osbbiyolojik.com\/en\/product\/sari-delta-tuzaklar\/\" \/>\n<meta property=\"og:site_name\" content=\"OSB Biyolojik\" \/>\n<meta property=\"article:modified_time\" content=\"2022-04-02T11:22:47+00:00\" \/>\n<meta property=\"og:image\" content=\"https:\/\/www.osbbiyolojik.com\/wp-content\/uploads\/2021\/06\/delta-tuzak-5.jpg\" \/>\n\t<meta property=\"og:image:width\" content=\"1500\" \/>\n\t<meta property=\"og:image:height\" content=\"1101\" \/>\n\t<meta property=\"og:image:type\" content=\"image\/jpeg\" \/>\n<meta name=\"twitter:card\" content=\"summary_large_image\" \/>\n<meta name=\"twitter:site\" content=\"@LtdOsb\" \/>\n<meta name=\"twitter:label1\" content=\"Est. reading time\" \/>\n\t<meta name=\"twitter:data1\" content=\"1 minute\" \/>\n<script type=\"application\/ld+json\" class=\"yoast-schema-graph\">{\"@context\":\"https:\\\/\\\/schema.org\",\"@graph\":[{\"@type\":\"WebPage\",\"@id\":\"https:\\\/\\\/www.osbbiyolojik.com\\\/urun\\\/sari-delta-tuzaklar\\\/\",\"url\":\"https:\\\/\\\/www.osbbiyolojik.com\\\/urun\\\/sari-delta-tuzaklar\\\/\",\"name\":\"Sar\u0131 Delta Tuzak - OSB Biyolojik\",\"isPartOf\":{\"@id\":\"https:\\\/\\\/www.osbbiyolojik.com\\\/#website\"},\"primaryImageOfPage\":{\"@id\":\"https:\\\/\\\/www.osbbiyolojik.com\\\/urun\\\/sari-delta-tuzaklar\\\/#primaryimage\"},\"image\":{\"@id\":\"https:\\\/\\\/www.osbbiyolojik.com\\\/urun\\\/sari-delta-tuzaklar\\\/#primaryimage\"},\"thumbnailUrl\":\"https:\\\/\\\/www.osbbiyolojik.com\\\/wp-content\\\/uploads\\\/2021\\\/06\\\/delta-tuzak-5.jpg\",\"datePublished\":\"2021-06-23T17:38:24+00:00\",\"dateModified\":\"2022-04-02T11:22:47+00:00\",\"breadcrumb\":{\"@id\":\"https:\\\/\\\/www.osbbiyolojik.com\\\/urun\\\/sari-delta-tuzaklar\\\/#breadcrumb\"},\"inLanguage\":\"en-US\",\"potentialAction\":[{\"@type\":\"ReadAction\",\"target\":[\"https:\\\/\\\/www.osbbiyolojik.com\\\/urun\\\/sari-delta-tuzaklar\\\/\"]}]},{\"@type\":\"ImageObject\",\"inLanguage\":\"en-US\",\"@id\":\"https:\\\/\\\/www.osbbiyolojik.com\\\/urun\\\/sari-delta-tuzaklar\\\/#primaryimage\",\"url\":\"https:\\\/\\\/www.osbbiyolojik.com\\\/wp-content\\\/uploads\\\/2021\\\/06\\\/delta-tuzak-5.jpg\",\"contentUrl\":\"https:\\\/\\\/www.osbbiyolojik.com\\\/wp-content\\\/uploads\\\/2021\\\/06\\\/delta-tuzak-5.jpg\",\"width\":1500,\"height\":1101},{\"@type\":\"BreadcrumbList\",\"@id\":\"https:\\\/\\\/www.osbbiyolojik.com\\\/urun\\\/sari-delta-tuzaklar\\\/#breadcrumb\",\"itemListElement\":[{\"@type\":\"ListItem\",\"position\":1,\"name\":\"Anasayfa\",\"item\":\"https:\\\/\\\/www.osbbiyolojik.com\\\/\"},{\"@type\":\"ListItem\",\"position\":2,\"name\":\"\u00dcr\u00fcnlerimiz\",\"item\":\"https:\\\/\\\/www.osbbiyolojik.com\\\/en\\\/urunlerimiz\\\/\"},{\"@type\":\"ListItem\",\"position\":3,\"name\":\"Delta Tuzaklar\",\"item\":\"https:\\\/\\\/www.osbbiyolojik.com\\\/urun-kategori\\\/delta-tuzaklar\\\/\"},{\"@type\":\"ListItem\",\"position\":4,\"name\":\"Sar\u0131 Delta Tuzak\"}]},{\"@type\":\"WebSite\",\"@id\":\"https:\\\/\\\/www.osbbiyolojik.com\\\/#website\",\"url\":\"https:\\\/\\\/www.osbbiyolojik.com\\\/\",\"name\":\"OSB Biyolojik\",\"description\":\"Bitki Koruma Sistemleri\",\"publisher\":{\"@id\":\"https:\\\/\\\/www.osbbiyolojik.com\\\/#organization\"},\"potentialAction\":[{\"@type\":\"SearchAction\",\"target\":{\"@type\":\"EntryPoint\",\"urlTemplate\":\"https:\\\/\\\/www.osbbiyolojik.com\\\/?s={search_term_string}\"},\"query-input\":{\"@type\":\"PropertyValueSpecification\",\"valueRequired\":true,\"valueName\":\"search_term_string\"}}],\"inLanguage\":\"en-US\"},{\"@type\":\"Organization\",\"@id\":\"https:\\\/\\\/www.osbbiyolojik.com\\\/#organization\",\"name\":\"OSB B\u0130YOLOJ\u0130K Bitki Koruma Sistemleri\",\"url\":\"https:\\\/\\\/www.osbbiyolojik.com\\\/\",\"logo\":{\"@type\":\"ImageObject\",\"inLanguage\":\"en-US\",\"@id\":\"https:\\\/\\\/www.osbbiyolojik.com\\\/#\\\/schema\\\/logo\\\/image\\\/\",\"url\":\"https:\\\/\\\/www.osbbiyolojik.com\\\/wp-content\\\/uploads\\\/2021\\\/02\\\/OSB-biyolojik-logo.png\",\"contentUrl\":\"https:\\\/\\\/www.osbbiyolojik.com\\\/wp-content\\\/uploads\\\/2021\\\/02\\\/OSB-biyolojik-logo.png\",\"width\":164,\"height\":62,\"caption\":\"OSB B\u0130YOLOJ\u0130K Bitki Koruma Sistemleri\"},\"image\":{\"@id\":\"https:\\\/\\\/www.osbbiyolojik.com\\\/#\\\/schema\\\/logo\\\/image\\\/\"},\"sameAs\":[\"https:\\\/\\\/x.com\\\/LtdOsb\",\"https:\\\/\\\/www.instagram.com\\\/2021osb\\\/\"]}]}<\/script>\n<!-- \/ Yoast SEO plugin. -->","yoast_head_json":{"title":"Sar\u0131 Delta Tuzak - OSB Biyolojik","robots":{"index":"index","follow":"follow","max-snippet":"max-snippet:-1","max-image-preview":"max-image-preview:large","max-video-preview":"max-video-preview:-1"},"canonical":"https:\/\/www.osbbiyolojik.com\/en\/product\/sari-delta-tuzaklar\/","og_locale":"en_US","og_type":"article","og_title":"Sar\u0131 Delta Tuzak - OSB Biyolojik","og_description":"Sera ve a\u00e7\u0131k alanlarda, \u00a0g\u00f6zlem ama\u00e7l\u0131 ve ekonomik zarar e\u015fi\u011fi tespitinde kullan\u0131lmaktad\u0131r. Ebat: 30cm x 60cm 25cm x 60cm Renk: Sar\u0131, K\u0131rm\u0131z\u0131, Siyah ve Mavi Hedef Zararl\u0131: G\u00f6zlem Ama\u00e7l\u0131, her t\u00fcrl\u00fc zararl\u0131 i\u00e7in kullan\u0131labilir. Tavsiye Edilen Miktar: Dekara 5-10 adet \u00f6nerilir. &nbsp; G\u00f6rsel ama\u00e7l\u0131, ekonomik zarar e\u015fi\u011fi tespitinde kullan\u0131l\u0131r. B\u00f6ylece ila\u00e7lama zaman\u0131 tespit\u00a0 edilir. \u0130la\u00e7lama [&hellip;]","og_url":"https:\/\/www.osbbiyolojik.com\/en\/product\/sari-delta-tuzaklar\/","og_site_name":"OSB Biyolojik","article_modified_time":"2022-04-02T11:22:47+00:00","og_image":[{"width":1500,"height":1101,"url":"https:\/\/www.osbbiyolojik.com\/wp-content\/uploads\/2021\/06\/delta-tuzak-5.jpg","type":"image\/jpeg"}],"twitter_card":"summary_large_image","twitter_site":"@LtdOsb","twitter_misc":{"Est. reading time":"1 minute"},"schema":{"@context":"https:\/\/schema.org","@graph":[{"@type":"WebPage","@id":"https:\/\/www.osbbiyolojik.com\/urun\/sari-delta-tuzaklar\/","url":"https:\/\/www.osbbiyolojik.com\/urun\/sari-delta-tuzaklar\/","name":"Sar\u0131 Delta Tuzak - OSB Biyolojik","isPartOf":{"@id":"https:\/\/www.osbbiyolojik.com\/#website"},"primaryImageOfPage":{"@id":"https:\/\/www.osbbiyolojik.com\/urun\/sari-delta-tuzaklar\/#primaryimage"},"image":{"@id":"https:\/\/www.osbbiyolojik.com\/urun\/sari-delta-tuzaklar\/#primaryimage"},"thumbnailUrl":"https:\/\/www.osbbiyolojik.com\/wp-content\/uploads\/2021\/06\/delta-tuzak-5.jpg","datePublished":"2021-06-23T17:38:24+00:00","dateModified":"2022-04-02T11:22:47+00:00","breadcrumb":{"@id":"https:\/\/www.osbbiyolojik.com\/urun\/sari-delta-tuzaklar\/#breadcrumb"},"inLanguage":"en-US","potentialAction":[{"@type":"ReadAction","target":["https:\/\/www.osbbiyolojik.com\/urun\/sari-delta-tuzaklar\/"]}]},{"@type":"ImageObject","inLanguage":"en-US","@id":"https:\/\/www.osbbiyolojik.com\/urun\/sari-delta-tuzaklar\/#primaryimage","url":"https:\/\/www.osbbiyolojik.com\/wp-content\/uploads\/2021\/06\/delta-tuzak-5.jpg","contentUrl":"https:\/\/www.osbbiyolojik.com\/wp-content\/uploads\/2021\/06\/delta-tuzak-5.jpg","width":1500,"height":1101},{"@type":"BreadcrumbList","@id":"https:\/\/www.osbbiyolojik.com\/urun\/sari-delta-tuzaklar\/#breadcrumb","itemListElement":[{"@type":"ListItem","position":1,"name":"Anasayfa","item":"https:\/\/www.osbbiyolojik.com\/"},{"@type":"ListItem","position":2,"name":"\u00dcr\u00fcnlerimiz","item":"https:\/\/www.osbbiyolojik.com\/en\/urunlerimiz\/"},{"@type":"ListItem","position":3,"name":"Delta Tuzaklar","item":"https:\/\/www.osbbiyolojik.com\/urun-kategori\/delta-tuzaklar\/"},{"@type":"ListItem","position":4,"name":"Sar\u0131 Delta Tuzak"}]},{"@type":"WebSite","@id":"https:\/\/www.osbbiyolojik.com\/#website","url":"https:\/\/www.osbbiyolojik.com\/","name":"OSB BIOLOGICAL","description":"Bitki Koruma Sistemleri","publisher":{"@id":"https:\/\/www.osbbiyolojik.com\/#organization"},"potentialAction":[{"@type":"SearchAction","target":{"@type":"EntryPoint","urlTemplate":"https:\/\/www.osbbiyolojik.com\/?s={search_term_string}"},"query-input":{"@type":"PropertyValueSpecification","valueRequired":true,"valueName":"search_term_string"}}],"inLanguage":"en-US"},{"@type":"Organization","@id":"https:\/\/www.osbbiyolojik.com\/#organization","name":"OSB B\u0130YOLOJ\u0130K Bitki Koruma Sistemleri","url":"https:\/\/www.osbbiyolojik.com\/","logo":{"@type":"ImageObject","inLanguage":"en-US","@id":"https:\/\/www.osbbiyolojik.com\/#\/schema\/logo\/image\/","url":"https:\/\/www.osbbiyolojik.com\/wp-content\/uploads\/2021\/02\/OSB-biyolojik-logo.png","contentUrl":"https:\/\/www.osbbiyolojik.com\/wp-content\/uploads\/2021\/02\/OSB-biyolojik-logo.png","width":164,"height":62,"caption":"OSB B\u0130YOLOJ\u0130K Bitki Koruma Sistemleri"},"image":{"@id":"https:\/\/www.osbbiyolojik.com\/#\/schema\/logo\/image\/"},"sameAs":["https:\/\/x.com\/LtdOsb","https:\/\/www.instagram.com\/2021osb\/"]}]}},"_links":{"self":[{"href":"https:\/\/www.osbbiyolojik.com\/en\/wp-json\/wp\/v2\/product\/3098","targetHints":{"allow":["GET"]}}],"collection":[{"href":"https:\/\/www.osbbiyolojik.com\/en\/wp-json\/wp\/v2\/product"}],"about":[{"href":"https:\/\/www.osbbiyolojik.com\/en\/wp-json\/wp\/v2\/types\/product"}],"version-history":[{"count":2,"href":"https:\/\/www.osbbiyolojik.com\/en\/wp-json\/wp\/v2\/product\/3098\/revisions"}],"predecessor-version":[{"id":5680,"href":"https:\/\/www.osbbiyolojik.com\/en\/wp-json\/wp\/v2\/product\/3098\/revisions\/5680"}],"wp:featuredmedia":[{"embeddable":true,"href":"https:\/\/www.osbbiyolojik.com\/en\/wp-json\/wp\/v2\/media\/3095"}],"wp:attachment":[{"href":"https:\/\/www.osbbiyolojik.com\/en\/wp-json\/wp\/v2\/media?parent=3098"}],"wp:term":[{"taxonomy":"product_brand","embeddable":true,"href":"https:\/\/www.osbbiyolojik.com\/en\/wp-json\/wp\/v2\/product_brand?post=3098"},{"taxonomy":"product_cat","embeddable":true,"href":"https:\/\/www.osbbiyolojik.com\/en\/wp-json\/wp\/v2\/product_cat?post=3098"},{"taxonomy":"product_tag","embeddable":true,"href":"https:\/\/www.osbbiyolojik.com\/en\/wp-json\/wp\/v2\/product_tag?post=3098"}],"curies":[{"name":"wp","href":"https:\/\/api.w.org\/{rel}","templated":true}]}}