{"id":4435,"date":"2021-08-13T13:55:42","date_gmt":"2021-08-13T13:55:42","guid":{"rendered":"https:\/\/www.osbbiyolojik.com\/?post_type=product&#038;p=4435"},"modified":"2022-03-17T18:30:04","modified_gmt":"2022-03-17T18:30:04","slug":"mavi-plaka-tuzak-25cmx40cm","status":"publish","type":"product","link":"https:\/\/www.osbbiyolojik.com\/en\/product\/mavi-plaka-tuzak-25cmx40cm\/","title":{"rendered":"Sticky Trap Card Blue (25cmx40cm) (25cmx10cm)"},"content":{"rendered":"<p>It is used for observation and pest managing purposes.<\/p>\n<table style=\"border-collapse: collapse;width: 100%;height: 97px\">\n<tbody>\n<tr style=\"height: 24px\">\n<td style=\"width: 50%;height: 24px\"><em>Dimension:<\/em><\/td>\n<td style=\"width: 50%;height: 24px\">25cm \u00d7 40cm<\/p>\n<p>25cm x 10cm<\/p>\n<p>&nbsp;<\/td>\n<\/tr>\n<tr style=\"height: 24px\">\n<td style=\"width: 50%;height: 24px\"><em>Color:<\/em><\/td>\n<td style=\"width: 50%;height: 24px\">Two-Sided Sticky Blue Trap<\/td>\n<\/tr>\n<tr style=\"height: 24px\">\n<td style=\"width: 50%;height: 25px\"><em>Target Pest(s):<\/em><\/td>\n<td style=\"width: 50%;height: 25px\">Thrips \/ Flies<\/td>\n<\/tr>\n<tr style=\"height: 24px\">\n<td style=\"width: 50%;height: 24px\"><em>Recommended Amount:<\/em><\/td>\n<td style=\"width: 50%;height: 24px\">120 pcs \/ 1000m2<\/td>\n<\/tr>\n<\/tbody>\n<\/table>\n<p style=\"text-align: left\">\u00a0 \u00a0 It can be hung just before the planting in greenhouses.<\/p>\n<p style=\"text-align: left\">\u00a0 \u00a0 For observation purpose, 20-25pcs\/1000m2,<\/p>\n<p style=\"text-align: left\">\u00a0 \u00a0 For mass-trapping purpose, 110-120 pcs\/1000m2   Sticky Trap Blue must be used.<\/p>\n<p>\u00a0 \u00a0 Besides not being toxic to the people and ecological environment, the ability of grabbing the insects is so strong. It is not affected by harmful sun rays (UV). Low or high temperatures do not affect insect trapping. Also, it is not affected by pesticides, rains or sprinklings.<\/p>\n<p>&nbsp;<\/p>\n<p><span style=\"color: #ff0000\"><em><strong>Note:<\/strong> It can be produced in the intended size.<\/em><\/span><\/p>","protected":false},"excerpt":{"rendered":"<p>G\u00f6zlem ve M\u00fccadele Ama\u00e7l\u0131 ullan\u0131lmaktad\u0131r. Ebat: 25cm \u00d7 40cm 25cm x 10cm &nbsp; Renk: \u0130ki Taraf\u0131 Yap\u0131\u015fkanl\u0131 Mavi Renk Hedef Zararl\u0131: Trips \/ Kara Sinekler Tavsiye Edilen Miktar: Dekara 120 adet \u00a0 \u00a0 Seralarda, fide dikiminden hemen \u00f6nce as\u0131labilir. \u00a0 \u00a0 G\u00f6zlem Ama\u00e7l\u0131, dekara 20-25 adet, \u00a0 \u00a0 Kitlesel Yakalama Ama\u00e7l\u0131, dekara 110-120 adet Mavi [&hellip;]<\/p>\n","protected":false},"featured_media":3082,"template":"","meta":[],"product_brand":[],"product_cat":[19],"product_tag":[],"class_list":{"0":"post-4435","1":"product","2":"type-product","3":"status-publish","4":"has-post-thumbnail","6":"product_cat-yapiskan-plaka-tuzaklar","8":"first","9":"instock","10":"shipping-taxable","11":"product-type-simple"},"yoast_head":"<!-- This site is optimized with the Yoast SEO plugin v27.4 - https:\/\/yoast.com\/product\/yoast-seo-wordpress\/ -->\n<title>Mavi Plaka Tuzak (25cmx40cm) (25cmx10cm) - OSB Biyolojik<\/title>\n<meta name=\"robots\" content=\"index, follow, max-snippet:-1, max-image-preview:large, max-video-preview:-1\" \/>\n<link rel=\"canonical\" href=\"https:\/\/www.osbbiyolojik.com\/en\/product\/mavi-plaka-tuzak-25cmx40cm\/\" \/>\n<meta property=\"og:locale\" content=\"en_US\" \/>\n<meta property=\"og:type\" content=\"article\" \/>\n<meta property=\"og:title\" content=\"Mavi Plaka Tuzak (25cmx40cm) (25cmx10cm) - OSB Biyolojik\" \/>\n<meta property=\"og:description\" content=\"G\u00f6zlem ve M\u00fccadele Ama\u00e7l\u0131 ullan\u0131lmaktad\u0131r. Ebat: 25cm \u00d7 40cm 25cm x 10cm &nbsp; Renk: \u0130ki Taraf\u0131 Yap\u0131\u015fkanl\u0131 Mavi Renk Hedef Zararl\u0131: Trips \/ Kara Sinekler Tavsiye Edilen Miktar: Dekara 120 adet \u00a0 \u00a0 Seralarda, fide dikiminden hemen \u00f6nce as\u0131labilir. \u00a0 \u00a0 G\u00f6zlem Ama\u00e7l\u0131, dekara 20-25 adet, \u00a0 \u00a0 Kitlesel Yakalama Ama\u00e7l\u0131, dekara 110-120 adet Mavi [&hellip;]\" \/>\n<meta property=\"og:url\" content=\"https:\/\/www.osbbiyolojik.com\/en\/product\/mavi-plaka-tuzak-25cmx40cm\/\" \/>\n<meta property=\"og:site_name\" content=\"OSB Biyolojik\" \/>\n<meta property=\"article:modified_time\" content=\"2022-03-17T18:30:04+00:00\" \/>\n<meta property=\"og:image\" content=\"https:\/\/www.osbbiyolojik.com\/wp-content\/uploads\/2021\/06\/mavi-plaka-tuzaklar-9.jpg\" \/>\n\t<meta property=\"og:image:width\" content=\"1200\" \/>\n\t<meta property=\"og:image:height\" content=\"800\" \/>\n\t<meta property=\"og:image:type\" content=\"image\/jpeg\" \/>\n<meta name=\"twitter:card\" content=\"summary_large_image\" \/>\n<meta name=\"twitter:site\" content=\"@LtdOsb\" \/>\n<meta name=\"twitter:label1\" content=\"Est. reading time\" \/>\n\t<meta name=\"twitter:data1\" content=\"1 minute\" \/>\n<script type=\"application\/ld+json\" class=\"yoast-schema-graph\">{\"@context\":\"https:\\\/\\\/schema.org\",\"@graph\":[{\"@type\":\"WebPage\",\"@id\":\"https:\\\/\\\/www.osbbiyolojik.com\\\/urun\\\/mavi-plaka-tuzak-25cmx40cm\\\/\",\"url\":\"https:\\\/\\\/www.osbbiyolojik.com\\\/urun\\\/mavi-plaka-tuzak-25cmx40cm\\\/\",\"name\":\"Mavi Plaka Tuzak (25cmx40cm) (25cmx10cm) - OSB Biyolojik\",\"isPartOf\":{\"@id\":\"https:\\\/\\\/www.osbbiyolojik.com\\\/#website\"},\"primaryImageOfPage\":{\"@id\":\"https:\\\/\\\/www.osbbiyolojik.com\\\/urun\\\/mavi-plaka-tuzak-25cmx40cm\\\/#primaryimage\"},\"image\":{\"@id\":\"https:\\\/\\\/www.osbbiyolojik.com\\\/urun\\\/mavi-plaka-tuzak-25cmx40cm\\\/#primaryimage\"},\"thumbnailUrl\":\"https:\\\/\\\/www.osbbiyolojik.com\\\/wp-content\\\/uploads\\\/2021\\\/06\\\/mavi-plaka-tuzaklar-9.jpg\",\"datePublished\":\"2021-08-13T13:55:42+00:00\",\"dateModified\":\"2022-03-17T18:30:04+00:00\",\"breadcrumb\":{\"@id\":\"https:\\\/\\\/www.osbbiyolojik.com\\\/urun\\\/mavi-plaka-tuzak-25cmx40cm\\\/#breadcrumb\"},\"inLanguage\":\"en-US\",\"potentialAction\":[{\"@type\":\"ReadAction\",\"target\":[\"https:\\\/\\\/www.osbbiyolojik.com\\\/urun\\\/mavi-plaka-tuzak-25cmx40cm\\\/\"]}]},{\"@type\":\"ImageObject\",\"inLanguage\":\"en-US\",\"@id\":\"https:\\\/\\\/www.osbbiyolojik.com\\\/urun\\\/mavi-plaka-tuzak-25cmx40cm\\\/#primaryimage\",\"url\":\"https:\\\/\\\/www.osbbiyolojik.com\\\/wp-content\\\/uploads\\\/2021\\\/06\\\/mavi-plaka-tuzaklar-9.jpg\",\"contentUrl\":\"https:\\\/\\\/www.osbbiyolojik.com\\\/wp-content\\\/uploads\\\/2021\\\/06\\\/mavi-plaka-tuzaklar-9.jpg\",\"width\":1200,\"height\":800},{\"@type\":\"BreadcrumbList\",\"@id\":\"https:\\\/\\\/www.osbbiyolojik.com\\\/urun\\\/mavi-plaka-tuzak-25cmx40cm\\\/#breadcrumb\",\"itemListElement\":[{\"@type\":\"ListItem\",\"position\":1,\"name\":\"Anasayfa\",\"item\":\"https:\\\/\\\/www.osbbiyolojik.com\\\/\"},{\"@type\":\"ListItem\",\"position\":2,\"name\":\"\u00dcr\u00fcnlerimiz\",\"item\":\"https:\\\/\\\/www.osbbiyolojik.com\\\/en\\\/urunlerimiz\\\/\"},{\"@type\":\"ListItem\",\"position\":3,\"name\":\"Yap\u0131\u015fkan Plaka Tuzaklar\",\"item\":\"https:\\\/\\\/www.osbbiyolojik.com\\\/en\\\/product-category\\\/yapiskan-plaka-tuzaklar\\\/\"},{\"@type\":\"ListItem\",\"position\":4,\"name\":\"Mavi Plaka Tuzak (25cmx40cm) (25cmx10cm)\"}]},{\"@type\":\"WebSite\",\"@id\":\"https:\\\/\\\/www.osbbiyolojik.com\\\/#website\",\"url\":\"https:\\\/\\\/www.osbbiyolojik.com\\\/\",\"name\":\"OSB Biyolojik\",\"description\":\"Bitki Koruma Sistemleri\",\"publisher\":{\"@id\":\"https:\\\/\\\/www.osbbiyolojik.com\\\/#organization\"},\"potentialAction\":[{\"@type\":\"SearchAction\",\"target\":{\"@type\":\"EntryPoint\",\"urlTemplate\":\"https:\\\/\\\/www.osbbiyolojik.com\\\/?s={search_term_string}\"},\"query-input\":{\"@type\":\"PropertyValueSpecification\",\"valueRequired\":true,\"valueName\":\"search_term_string\"}}],\"inLanguage\":\"en-US\"},{\"@type\":\"Organization\",\"@id\":\"https:\\\/\\\/www.osbbiyolojik.com\\\/#organization\",\"name\":\"OSB B\u0130YOLOJ\u0130K Bitki Koruma Sistemleri\",\"url\":\"https:\\\/\\\/www.osbbiyolojik.com\\\/\",\"logo\":{\"@type\":\"ImageObject\",\"inLanguage\":\"en-US\",\"@id\":\"https:\\\/\\\/www.osbbiyolojik.com\\\/#\\\/schema\\\/logo\\\/image\\\/\",\"url\":\"https:\\\/\\\/www.osbbiyolojik.com\\\/wp-content\\\/uploads\\\/2021\\\/02\\\/OSB-biyolojik-logo.png\",\"contentUrl\":\"https:\\\/\\\/www.osbbiyolojik.com\\\/wp-content\\\/uploads\\\/2021\\\/02\\\/OSB-biyolojik-logo.png\",\"width\":164,\"height\":62,\"caption\":\"OSB B\u0130YOLOJ\u0130K Bitki Koruma Sistemleri\"},\"image\":{\"@id\":\"https:\\\/\\\/www.osbbiyolojik.com\\\/#\\\/schema\\\/logo\\\/image\\\/\"},\"sameAs\":[\"https:\\\/\\\/x.com\\\/LtdOsb\",\"https:\\\/\\\/www.instagram.com\\\/2021osb\\\/\"]}]}<\/script>\n<!-- \/ Yoast SEO plugin. -->","yoast_head_json":{"title":"Mavi Plaka Tuzak (25cmx40cm) (25cmx10cm) - OSB Biyolojik","robots":{"index":"index","follow":"follow","max-snippet":"max-snippet:-1","max-image-preview":"max-image-preview:large","max-video-preview":"max-video-preview:-1"},"canonical":"https:\/\/www.osbbiyolojik.com\/en\/product\/mavi-plaka-tuzak-25cmx40cm\/","og_locale":"en_US","og_type":"article","og_title":"Mavi Plaka Tuzak (25cmx40cm) (25cmx10cm) - OSB Biyolojik","og_description":"G\u00f6zlem ve M\u00fccadele Ama\u00e7l\u0131 ullan\u0131lmaktad\u0131r. Ebat: 25cm \u00d7 40cm 25cm x 10cm &nbsp; Renk: \u0130ki Taraf\u0131 Yap\u0131\u015fkanl\u0131 Mavi Renk Hedef Zararl\u0131: Trips \/ Kara Sinekler Tavsiye Edilen Miktar: Dekara 120 adet \u00a0 \u00a0 Seralarda, fide dikiminden hemen \u00f6nce as\u0131labilir. \u00a0 \u00a0 G\u00f6zlem Ama\u00e7l\u0131, dekara 20-25 adet, \u00a0 \u00a0 Kitlesel Yakalama Ama\u00e7l\u0131, dekara 110-120 adet Mavi [&hellip;]","og_url":"https:\/\/www.osbbiyolojik.com\/en\/product\/mavi-plaka-tuzak-25cmx40cm\/","og_site_name":"OSB Biyolojik","article_modified_time":"2022-03-17T18:30:04+00:00","og_image":[{"width":1200,"height":800,"url":"https:\/\/www.osbbiyolojik.com\/wp-content\/uploads\/2021\/06\/mavi-plaka-tuzaklar-9.jpg","type":"image\/jpeg"}],"twitter_card":"summary_large_image","twitter_site":"@LtdOsb","twitter_misc":{"Est. reading time":"1 minute"},"schema":{"@context":"https:\/\/schema.org","@graph":[{"@type":"WebPage","@id":"https:\/\/www.osbbiyolojik.com\/urun\/mavi-plaka-tuzak-25cmx40cm\/","url":"https:\/\/www.osbbiyolojik.com\/urun\/mavi-plaka-tuzak-25cmx40cm\/","name":"Mavi Plaka Tuzak (25cmx40cm) (25cmx10cm) - OSB Biyolojik","isPartOf":{"@id":"https:\/\/www.osbbiyolojik.com\/#website"},"primaryImageOfPage":{"@id":"https:\/\/www.osbbiyolojik.com\/urun\/mavi-plaka-tuzak-25cmx40cm\/#primaryimage"},"image":{"@id":"https:\/\/www.osbbiyolojik.com\/urun\/mavi-plaka-tuzak-25cmx40cm\/#primaryimage"},"thumbnailUrl":"https:\/\/www.osbbiyolojik.com\/wp-content\/uploads\/2021\/06\/mavi-plaka-tuzaklar-9.jpg","datePublished":"2021-08-13T13:55:42+00:00","dateModified":"2022-03-17T18:30:04+00:00","breadcrumb":{"@id":"https:\/\/www.osbbiyolojik.com\/urun\/mavi-plaka-tuzak-25cmx40cm\/#breadcrumb"},"inLanguage":"en-US","potentialAction":[{"@type":"ReadAction","target":["https:\/\/www.osbbiyolojik.com\/urun\/mavi-plaka-tuzak-25cmx40cm\/"]}]},{"@type":"ImageObject","inLanguage":"en-US","@id":"https:\/\/www.osbbiyolojik.com\/urun\/mavi-plaka-tuzak-25cmx40cm\/#primaryimage","url":"https:\/\/www.osbbiyolojik.com\/wp-content\/uploads\/2021\/06\/mavi-plaka-tuzaklar-9.jpg","contentUrl":"https:\/\/www.osbbiyolojik.com\/wp-content\/uploads\/2021\/06\/mavi-plaka-tuzaklar-9.jpg","width":1200,"height":800},{"@type":"BreadcrumbList","@id":"https:\/\/www.osbbiyolojik.com\/urun\/mavi-plaka-tuzak-25cmx40cm\/#breadcrumb","itemListElement":[{"@type":"ListItem","position":1,"name":"Anasayfa","item":"https:\/\/www.osbbiyolojik.com\/"},{"@type":"ListItem","position":2,"name":"\u00dcr\u00fcnlerimiz","item":"https:\/\/www.osbbiyolojik.com\/en\/urunlerimiz\/"},{"@type":"ListItem","position":3,"name":"Yap\u0131\u015fkan Plaka Tuzaklar","item":"https:\/\/www.osbbiyolojik.com\/en\/product-category\/yapiskan-plaka-tuzaklar\/"},{"@type":"ListItem","position":4,"name":"Mavi Plaka Tuzak (25cmx40cm) (25cmx10cm)"}]},{"@type":"WebSite","@id":"https:\/\/www.osbbiyolojik.com\/#website","url":"https:\/\/www.osbbiyolojik.com\/","name":"OSB BIOLOGICAL","description":"Bitki Koruma Sistemleri","publisher":{"@id":"https:\/\/www.osbbiyolojik.com\/#organization"},"potentialAction":[{"@type":"SearchAction","target":{"@type":"EntryPoint","urlTemplate":"https:\/\/www.osbbiyolojik.com\/?s={search_term_string}"},"query-input":{"@type":"PropertyValueSpecification","valueRequired":true,"valueName":"search_term_string"}}],"inLanguage":"en-US"},{"@type":"Organization","@id":"https:\/\/www.osbbiyolojik.com\/#organization","name":"OSB B\u0130YOLOJ\u0130K Bitki Koruma Sistemleri","url":"https:\/\/www.osbbiyolojik.com\/","logo":{"@type":"ImageObject","inLanguage":"en-US","@id":"https:\/\/www.osbbiyolojik.com\/#\/schema\/logo\/image\/","url":"https:\/\/www.osbbiyolojik.com\/wp-content\/uploads\/2021\/02\/OSB-biyolojik-logo.png","contentUrl":"https:\/\/www.osbbiyolojik.com\/wp-content\/uploads\/2021\/02\/OSB-biyolojik-logo.png","width":164,"height":62,"caption":"OSB B\u0130YOLOJ\u0130K Bitki Koruma Sistemleri"},"image":{"@id":"https:\/\/www.osbbiyolojik.com\/#\/schema\/logo\/image\/"},"sameAs":["https:\/\/x.com\/LtdOsb","https:\/\/www.instagram.com\/2021osb\/"]}]}},"_links":{"self":[{"href":"https:\/\/www.osbbiyolojik.com\/en\/wp-json\/wp\/v2\/product\/4435","targetHints":{"allow":["GET"]}}],"collection":[{"href":"https:\/\/www.osbbiyolojik.com\/en\/wp-json\/wp\/v2\/product"}],"about":[{"href":"https:\/\/www.osbbiyolojik.com\/en\/wp-json\/wp\/v2\/types\/product"}],"version-history":[{"count":0,"href":"https:\/\/www.osbbiyolojik.com\/en\/wp-json\/wp\/v2\/product\/4435\/revisions"}],"wp:featuredmedia":[{"embeddable":true,"href":"https:\/\/www.osbbiyolojik.com\/en\/wp-json\/wp\/v2\/media\/3082"}],"wp:attachment":[{"href":"https:\/\/www.osbbiyolojik.com\/en\/wp-json\/wp\/v2\/media?parent=4435"}],"wp:term":[{"taxonomy":"product_brand","embeddable":true,"href":"https:\/\/www.osbbiyolojik.com\/en\/wp-json\/wp\/v2\/product_brand?post=4435"},{"taxonomy":"product_cat","embeddable":true,"href":"https:\/\/www.osbbiyolojik.com\/en\/wp-json\/wp\/v2\/product_cat?post=4435"},{"taxonomy":"product_tag","embeddable":true,"href":"https:\/\/www.osbbiyolojik.com\/en\/wp-json\/wp\/v2\/product_tag?post=4435"}],"curies":[{"name":"wp","href":"https:\/\/api.w.org\/{rel}","templated":true}]}}