{"id":4436,"date":"2021-08-13T13:57:29","date_gmt":"2021-08-13T13:57:29","guid":{"rendered":"https:\/\/www.osbbiyolojik.com\/?post_type=product&#038;p=4436"},"modified":"2022-03-17T18:31:26","modified_gmt":"2022-03-17T18:31:26","slug":"siyah-plaka-tuzak-25cmx40cm","status":"publish","type":"product","link":"https:\/\/www.osbbiyolojik.com\/en\/product\/siyah-plaka-tuzak-25cmx40cm\/","title":{"rendered":"Sticky Trap Card Black (25cmx40cm)"},"content":{"rendered":"<p>It is used in Tuta Absoluta pest management.<\/p>\n<table style=\"border-collapse: collapse;width: 100%;height: 144px\">\n<tbody>\n<tr style=\"height: 24px\">\n<td style=\"width: 50%;height: 24px\"><em>Dimension:<\/em><\/td>\n<td style=\"width: 50%;height: 24px\">25cm \u00d7 40cm<\/p>\n<p>&nbsp;<\/td>\n<\/tr>\n<tr style=\"height: 24px\">\n<td style=\"width: 50%;height: 24px\"><em>Color:<\/em><\/td>\n<td style=\"width: 50%;height: 24px\">Two-Sided Sticky Black Trap<\/td>\n<\/tr>\n<tr style=\"height: 24px\">\n<td style=\"width: 50%;height: 24px\"><em>Target Pest(s):<\/em><\/td>\n<td style=\"width: 50%;height: 24px\">White Fly, Fly<\/td>\n<\/tr>\n<tr style=\"height: 24px\">\n<td style=\"width: 50%;height: 24px\"><em>Recommended Amount:<\/em><\/td>\n<td style=\"width: 50%;height: 24px\">5 pcs\/1000m2<\/td>\n<\/tr>\n<\/tbody>\n<\/table>\n<p>&nbsp;<\/p>\n<p>The color black is an effective color in the management of Tuta Absoluta. These traps, which can be used as single, also can be used with the pheremones of Tuta Absoluta. Also, these traps, which has really powerful adhesive, do not stick to the clothes at all. Thanks to this feature, they have clean usage. It should be installed 40(min) - 45cm(max) above the ground and parallel to the ground.<\/p>\n<p>Besides not being toxic to the people and ecological environment, the ability of grabbing the insects is quite strong. It is not affected by harmful sun rays (UV). Low or high temperatures do not affect insect trapping. In addition, it is not affected by pesticides, rains or sprinklings.<\/p>\n<p>Bumble bees and biological management agents are not affected by Black Traps.<\/p>\n<p><span style=\"color: #ff0000\"><em><strong>Note:<\/strong> It can be produced in the intended size.<\/em><\/span><\/p>","protected":false},"excerpt":{"rendered":"<p>Tuta Absoluta m\u00fccadelesinde kullan\u0131lmaktad\u0131r. Ebat: 25cm \u00d7 40cm &nbsp; Renk: \u0130ki Taraf\u0131 Yap\u0131\u015fkanl\u0131 Siyah Renk Hedef Zararl\u0131: Beyaz Sinek , Karasinek Tavsiye Edilen Miktar: Dekara 5 adet &nbsp; Siyah rengi, Tuta Absoluta m\u00fccadelesinde etkili bir renktir. Tek ba\u015f\u0131na kullan\u0131labilen bu tuzaklar, Tuta Absoluta Feromonu&#8217;yla da kullan\u0131labilmektedir. Olduk\u00e7a g\u00fc\u00e7l\u00fc yap\u0131\u015ft\u0131r\u0131c\u0131ya sahip olan bu tuzaklar, k\u0131yafetlere kesinlikle [&hellip;]<\/p>\n","protected":false},"featured_media":1651,"template":"","meta":[],"product_brand":[],"product_cat":[19],"product_tag":[],"class_list":{"0":"post-4436","1":"product","2":"type-product","3":"status-publish","4":"has-post-thumbnail","6":"product_cat-yapiskan-plaka-tuzaklar","8":"first","9":"instock","10":"shipping-taxable","11":"product-type-simple"},"yoast_head":"<!-- This site is optimized with the Yoast SEO plugin v27.4 - https:\/\/yoast.com\/product\/yoast-seo-wordpress\/ -->\n<title>Siyah Plaka Tuzak (25cmx40cm) - OSB Biyolojik<\/title>\n<meta name=\"robots\" content=\"index, follow, max-snippet:-1, max-image-preview:large, max-video-preview:-1\" \/>\n<link rel=\"canonical\" href=\"https:\/\/www.osbbiyolojik.com\/en\/product\/siyah-plaka-tuzak-25cmx40cm\/\" \/>\n<meta property=\"og:locale\" content=\"en_US\" \/>\n<meta property=\"og:type\" content=\"article\" \/>\n<meta property=\"og:title\" content=\"Siyah Plaka Tuzak (25cmx40cm) - OSB Biyolojik\" \/>\n<meta property=\"og:description\" content=\"Tuta Absoluta m\u00fccadelesinde kullan\u0131lmaktad\u0131r. Ebat: 25cm \u00d7 40cm &nbsp; Renk: \u0130ki Taraf\u0131 Yap\u0131\u015fkanl\u0131 Siyah Renk Hedef Zararl\u0131: Beyaz Sinek , Karasinek Tavsiye Edilen Miktar: Dekara 5 adet &nbsp; Siyah rengi, Tuta Absoluta m\u00fccadelesinde etkili bir renktir. Tek ba\u015f\u0131na kullan\u0131labilen bu tuzaklar, Tuta Absoluta Feromonu&#8217;yla da kullan\u0131labilmektedir. Olduk\u00e7a g\u00fc\u00e7l\u00fc yap\u0131\u015ft\u0131r\u0131c\u0131ya sahip olan bu tuzaklar, k\u0131yafetlere kesinlikle [&hellip;]\" \/>\n<meta property=\"og:url\" content=\"https:\/\/www.osbbiyolojik.com\/en\/product\/siyah-plaka-tuzak-25cmx40cm\/\" \/>\n<meta property=\"og:site_name\" content=\"OSB Biyolojik\" \/>\n<meta property=\"article:modified_time\" content=\"2022-03-17T18:31:26+00:00\" \/>\n<meta property=\"og:image\" content=\"https:\/\/www.osbbiyolojik.com\/wp-content\/uploads\/2021\/06\/plaka-tuzaklar-10.jpg\" \/>\n\t<meta property=\"og:image:width\" content=\"640\" \/>\n\t<meta property=\"og:image:height\" content=\"640\" \/>\n\t<meta property=\"og:image:type\" content=\"image\/jpeg\" \/>\n<meta name=\"twitter:card\" content=\"summary_large_image\" \/>\n<meta name=\"twitter:site\" content=\"@LtdOsb\" \/>\n<meta name=\"twitter:label1\" content=\"Est. reading time\" \/>\n\t<meta name=\"twitter:data1\" content=\"1 minute\" \/>\n<script type=\"application\/ld+json\" class=\"yoast-schema-graph\">{\"@context\":\"https:\\\/\\\/schema.org\",\"@graph\":[{\"@type\":\"WebPage\",\"@id\":\"https:\\\/\\\/www.osbbiyolojik.com\\\/urun\\\/siyah-plaka-tuzak-25cmx40cm\\\/\",\"url\":\"https:\\\/\\\/www.osbbiyolojik.com\\\/urun\\\/siyah-plaka-tuzak-25cmx40cm\\\/\",\"name\":\"Siyah Plaka Tuzak (25cmx40cm) - OSB Biyolojik\",\"isPartOf\":{\"@id\":\"https:\\\/\\\/www.osbbiyolojik.com\\\/#website\"},\"primaryImageOfPage\":{\"@id\":\"https:\\\/\\\/www.osbbiyolojik.com\\\/urun\\\/siyah-plaka-tuzak-25cmx40cm\\\/#primaryimage\"},\"image\":{\"@id\":\"https:\\\/\\\/www.osbbiyolojik.com\\\/urun\\\/siyah-plaka-tuzak-25cmx40cm\\\/#primaryimage\"},\"thumbnailUrl\":\"https:\\\/\\\/www.osbbiyolojik.com\\\/wp-content\\\/uploads\\\/2021\\\/06\\\/plaka-tuzaklar-10.jpg\",\"datePublished\":\"2021-08-13T13:57:29+00:00\",\"dateModified\":\"2022-03-17T18:31:26+00:00\",\"breadcrumb\":{\"@id\":\"https:\\\/\\\/www.osbbiyolojik.com\\\/urun\\\/siyah-plaka-tuzak-25cmx40cm\\\/#breadcrumb\"},\"inLanguage\":\"en-US\",\"potentialAction\":[{\"@type\":\"ReadAction\",\"target\":[\"https:\\\/\\\/www.osbbiyolojik.com\\\/urun\\\/siyah-plaka-tuzak-25cmx40cm\\\/\"]}]},{\"@type\":\"ImageObject\",\"inLanguage\":\"en-US\",\"@id\":\"https:\\\/\\\/www.osbbiyolojik.com\\\/urun\\\/siyah-plaka-tuzak-25cmx40cm\\\/#primaryimage\",\"url\":\"https:\\\/\\\/www.osbbiyolojik.com\\\/wp-content\\\/uploads\\\/2021\\\/06\\\/plaka-tuzaklar-10.jpg\",\"contentUrl\":\"https:\\\/\\\/www.osbbiyolojik.com\\\/wp-content\\\/uploads\\\/2021\\\/06\\\/plaka-tuzaklar-10.jpg\",\"width\":640,\"height\":640},{\"@type\":\"BreadcrumbList\",\"@id\":\"https:\\\/\\\/www.osbbiyolojik.com\\\/urun\\\/siyah-plaka-tuzak-25cmx40cm\\\/#breadcrumb\",\"itemListElement\":[{\"@type\":\"ListItem\",\"position\":1,\"name\":\"Anasayfa\",\"item\":\"https:\\\/\\\/www.osbbiyolojik.com\\\/\"},{\"@type\":\"ListItem\",\"position\":2,\"name\":\"\u00dcr\u00fcnlerimiz\",\"item\":\"https:\\\/\\\/www.osbbiyolojik.com\\\/en\\\/urunlerimiz\\\/\"},{\"@type\":\"ListItem\",\"position\":3,\"name\":\"Yap\u0131\u015fkan Plaka Tuzaklar\",\"item\":\"https:\\\/\\\/www.osbbiyolojik.com\\\/en\\\/product-category\\\/yapiskan-plaka-tuzaklar\\\/\"},{\"@type\":\"ListItem\",\"position\":4,\"name\":\"Siyah Plaka Tuzak (25cmx40cm)\"}]},{\"@type\":\"WebSite\",\"@id\":\"https:\\\/\\\/www.osbbiyolojik.com\\\/#website\",\"url\":\"https:\\\/\\\/www.osbbiyolojik.com\\\/\",\"name\":\"OSB Biyolojik\",\"description\":\"Bitki Koruma Sistemleri\",\"publisher\":{\"@id\":\"https:\\\/\\\/www.osbbiyolojik.com\\\/#organization\"},\"potentialAction\":[{\"@type\":\"SearchAction\",\"target\":{\"@type\":\"EntryPoint\",\"urlTemplate\":\"https:\\\/\\\/www.osbbiyolojik.com\\\/?s={search_term_string}\"},\"query-input\":{\"@type\":\"PropertyValueSpecification\",\"valueRequired\":true,\"valueName\":\"search_term_string\"}}],\"inLanguage\":\"en-US\"},{\"@type\":\"Organization\",\"@id\":\"https:\\\/\\\/www.osbbiyolojik.com\\\/#organization\",\"name\":\"OSB B\u0130YOLOJ\u0130K Bitki Koruma Sistemleri\",\"url\":\"https:\\\/\\\/www.osbbiyolojik.com\\\/\",\"logo\":{\"@type\":\"ImageObject\",\"inLanguage\":\"en-US\",\"@id\":\"https:\\\/\\\/www.osbbiyolojik.com\\\/#\\\/schema\\\/logo\\\/image\\\/\",\"url\":\"https:\\\/\\\/www.osbbiyolojik.com\\\/wp-content\\\/uploads\\\/2021\\\/02\\\/OSB-biyolojik-logo.png\",\"contentUrl\":\"https:\\\/\\\/www.osbbiyolojik.com\\\/wp-content\\\/uploads\\\/2021\\\/02\\\/OSB-biyolojik-logo.png\",\"width\":164,\"height\":62,\"caption\":\"OSB B\u0130YOLOJ\u0130K Bitki Koruma Sistemleri\"},\"image\":{\"@id\":\"https:\\\/\\\/www.osbbiyolojik.com\\\/#\\\/schema\\\/logo\\\/image\\\/\"},\"sameAs\":[\"https:\\\/\\\/x.com\\\/LtdOsb\",\"https:\\\/\\\/www.instagram.com\\\/2021osb\\\/\"]}]}<\/script>\n<!-- \/ Yoast SEO plugin. -->","yoast_head_json":{"title":"Siyah Plaka Tuzak (25cmx40cm) - OSB Biyolojik","robots":{"index":"index","follow":"follow","max-snippet":"max-snippet:-1","max-image-preview":"max-image-preview:large","max-video-preview":"max-video-preview:-1"},"canonical":"https:\/\/www.osbbiyolojik.com\/en\/product\/siyah-plaka-tuzak-25cmx40cm\/","og_locale":"en_US","og_type":"article","og_title":"Siyah Plaka Tuzak (25cmx40cm) - OSB Biyolojik","og_description":"Tuta Absoluta m\u00fccadelesinde kullan\u0131lmaktad\u0131r. Ebat: 25cm \u00d7 40cm &nbsp; Renk: \u0130ki Taraf\u0131 Yap\u0131\u015fkanl\u0131 Siyah Renk Hedef Zararl\u0131: Beyaz Sinek , Karasinek Tavsiye Edilen Miktar: Dekara 5 adet &nbsp; Siyah rengi, Tuta Absoluta m\u00fccadelesinde etkili bir renktir. Tek ba\u015f\u0131na kullan\u0131labilen bu tuzaklar, Tuta Absoluta Feromonu&#8217;yla da kullan\u0131labilmektedir. Olduk\u00e7a g\u00fc\u00e7l\u00fc yap\u0131\u015ft\u0131r\u0131c\u0131ya sahip olan bu tuzaklar, k\u0131yafetlere kesinlikle [&hellip;]","og_url":"https:\/\/www.osbbiyolojik.com\/en\/product\/siyah-plaka-tuzak-25cmx40cm\/","og_site_name":"OSB Biyolojik","article_modified_time":"2022-03-17T18:31:26+00:00","og_image":[{"width":640,"height":640,"url":"https:\/\/www.osbbiyolojik.com\/wp-content\/uploads\/2021\/06\/plaka-tuzaklar-10.jpg","type":"image\/jpeg"}],"twitter_card":"summary_large_image","twitter_site":"@LtdOsb","twitter_misc":{"Est. reading time":"1 minute"},"schema":{"@context":"https:\/\/schema.org","@graph":[{"@type":"WebPage","@id":"https:\/\/www.osbbiyolojik.com\/urun\/siyah-plaka-tuzak-25cmx40cm\/","url":"https:\/\/www.osbbiyolojik.com\/urun\/siyah-plaka-tuzak-25cmx40cm\/","name":"Siyah Plaka Tuzak (25cmx40cm) - OSB Biyolojik","isPartOf":{"@id":"https:\/\/www.osbbiyolojik.com\/#website"},"primaryImageOfPage":{"@id":"https:\/\/www.osbbiyolojik.com\/urun\/siyah-plaka-tuzak-25cmx40cm\/#primaryimage"},"image":{"@id":"https:\/\/www.osbbiyolojik.com\/urun\/siyah-plaka-tuzak-25cmx40cm\/#primaryimage"},"thumbnailUrl":"https:\/\/www.osbbiyolojik.com\/wp-content\/uploads\/2021\/06\/plaka-tuzaklar-10.jpg","datePublished":"2021-08-13T13:57:29+00:00","dateModified":"2022-03-17T18:31:26+00:00","breadcrumb":{"@id":"https:\/\/www.osbbiyolojik.com\/urun\/siyah-plaka-tuzak-25cmx40cm\/#breadcrumb"},"inLanguage":"en-US","potentialAction":[{"@type":"ReadAction","target":["https:\/\/www.osbbiyolojik.com\/urun\/siyah-plaka-tuzak-25cmx40cm\/"]}]},{"@type":"ImageObject","inLanguage":"en-US","@id":"https:\/\/www.osbbiyolojik.com\/urun\/siyah-plaka-tuzak-25cmx40cm\/#primaryimage","url":"https:\/\/www.osbbiyolojik.com\/wp-content\/uploads\/2021\/06\/plaka-tuzaklar-10.jpg","contentUrl":"https:\/\/www.osbbiyolojik.com\/wp-content\/uploads\/2021\/06\/plaka-tuzaklar-10.jpg","width":640,"height":640},{"@type":"BreadcrumbList","@id":"https:\/\/www.osbbiyolojik.com\/urun\/siyah-plaka-tuzak-25cmx40cm\/#breadcrumb","itemListElement":[{"@type":"ListItem","position":1,"name":"Anasayfa","item":"https:\/\/www.osbbiyolojik.com\/"},{"@type":"ListItem","position":2,"name":"\u00dcr\u00fcnlerimiz","item":"https:\/\/www.osbbiyolojik.com\/en\/urunlerimiz\/"},{"@type":"ListItem","position":3,"name":"Yap\u0131\u015fkan Plaka Tuzaklar","item":"https:\/\/www.osbbiyolojik.com\/en\/product-category\/yapiskan-plaka-tuzaklar\/"},{"@type":"ListItem","position":4,"name":"Siyah Plaka Tuzak (25cmx40cm)"}]},{"@type":"WebSite","@id":"https:\/\/www.osbbiyolojik.com\/#website","url":"https:\/\/www.osbbiyolojik.com\/","name":"OSB BIOLOGICAL","description":"Bitki Koruma Sistemleri","publisher":{"@id":"https:\/\/www.osbbiyolojik.com\/#organization"},"potentialAction":[{"@type":"SearchAction","target":{"@type":"EntryPoint","urlTemplate":"https:\/\/www.osbbiyolojik.com\/?s={search_term_string}"},"query-input":{"@type":"PropertyValueSpecification","valueRequired":true,"valueName":"search_term_string"}}],"inLanguage":"en-US"},{"@type":"Organization","@id":"https:\/\/www.osbbiyolojik.com\/#organization","name":"OSB B\u0130YOLOJ\u0130K Bitki Koruma Sistemleri","url":"https:\/\/www.osbbiyolojik.com\/","logo":{"@type":"ImageObject","inLanguage":"en-US","@id":"https:\/\/www.osbbiyolojik.com\/#\/schema\/logo\/image\/","url":"https:\/\/www.osbbiyolojik.com\/wp-content\/uploads\/2021\/02\/OSB-biyolojik-logo.png","contentUrl":"https:\/\/www.osbbiyolojik.com\/wp-content\/uploads\/2021\/02\/OSB-biyolojik-logo.png","width":164,"height":62,"caption":"OSB B\u0130YOLOJ\u0130K Bitki Koruma Sistemleri"},"image":{"@id":"https:\/\/www.osbbiyolojik.com\/#\/schema\/logo\/image\/"},"sameAs":["https:\/\/x.com\/LtdOsb","https:\/\/www.instagram.com\/2021osb\/"]}]}},"_links":{"self":[{"href":"https:\/\/www.osbbiyolojik.com\/en\/wp-json\/wp\/v2\/product\/4436","targetHints":{"allow":["GET"]}}],"collection":[{"href":"https:\/\/www.osbbiyolojik.com\/en\/wp-json\/wp\/v2\/product"}],"about":[{"href":"https:\/\/www.osbbiyolojik.com\/en\/wp-json\/wp\/v2\/types\/product"}],"version-history":[{"count":0,"href":"https:\/\/www.osbbiyolojik.com\/en\/wp-json\/wp\/v2\/product\/4436\/revisions"}],"wp:featuredmedia":[{"embeddable":true,"href":"https:\/\/www.osbbiyolojik.com\/en\/wp-json\/wp\/v2\/media\/1651"}],"wp:attachment":[{"href":"https:\/\/www.osbbiyolojik.com\/en\/wp-json\/wp\/v2\/media?parent=4436"}],"wp:term":[{"taxonomy":"product_brand","embeddable":true,"href":"https:\/\/www.osbbiyolojik.com\/en\/wp-json\/wp\/v2\/product_brand?post=4436"},{"taxonomy":"product_cat","embeddable":true,"href":"https:\/\/www.osbbiyolojik.com\/en\/wp-json\/wp\/v2\/product_cat?post=4436"},{"taxonomy":"product_tag","embeddable":true,"href":"https:\/\/www.osbbiyolojik.com\/en\/wp-json\/wp\/v2\/product_tag?post=4436"}],"curies":[{"name":"wp","href":"https:\/\/api.w.org\/{rel}","templated":true}]}}