{"id":4444,"date":"2021-08-13T14:07:00","date_gmt":"2021-08-13T14:07:00","guid":{"rendered":"https:\/\/www.osbbiyolojik.com\/?post_type=product&#038;p=4444"},"modified":"2022-03-17T18:54:50","modified_gmt":"2022-03-17T18:54:50","slug":"siyah-rulo-tuzak-30cmx100m","status":"publish","type":"product","link":"https:\/\/www.osbbiyolojik.com\/en\/product\/siyah-rulo-tuzak-30cmx100m\/","title":{"rendered":"Sticky Trap Roll Black (30cmx100m) (15cmx100m)"},"content":{"rendered":"<p>It is used for observation and control purposes in the control of white fly in closed and open areas.<\/p>\n<table style=\"border-collapse: collapse;width: 99.8998%;height: 160px\">\n<tbody>\n<tr style=\"height: 24px\">\n<td style=\"width: 50%;height: 24px\">Dimension:<\/td>\n<td style=\"width: 50%;height: 24px\">30 cm x 100 m<\/p>\n<p>15cm x 100 m<\/td>\n<\/tr>\n<tr style=\"height: 24px\">\n<td style=\"width: 50%;height: 24px\">Color:<\/td>\n<td style=\"width: 50%;height: 24px\">Two-Sided Sticky Black Trap<\/td>\n<\/tr>\n<tr style=\"height: 24px\">\n<td style=\"width: 50%;height: 24px\">Target Pest(s):<\/td>\n<td style=\"width: 50%;height: 24px\">Tuta Absoluta<\/td>\n<\/tr>\n<tr style=\"height: 24px\">\n<td style=\"width: 50%;height: 24px\">Recommended Amount:<\/td>\n<td style=\"width: 50%;height: 24px\">150m \/ 1000m2<\/td>\n<\/tr>\n<\/tbody>\n<\/table>\n<p style=\"text-align: left\">\u00a0 \u00a0 \u00a0 Besides not being toxic to the people and ecological environment, the ability of grabbing the insects is so strong. It is not affected by harmful sun rays (UV). Low or high temperatures do not affect insect trapping. Also, it is not affected by pesticides, rains or sprinklings.<\/p>\n<p style=\"text-align: left\">\u00a0 \u00a0 \u00a0 It is hung between the poles in the open area from the inside of the greenhouses that have ventilation windows on their sides, that is, in the gap of the window. It can be pulled between the trees in the open field, orchards, and between the poles in open field production (vegetable production). In addition, this kind of usage is intended to be catched of pests their first enter to the greenhouse. These modals of traps are pretty strong in terms of pest management.<\/p>\n<p>\u00a0 \u00a0 \u00a0 \u00a0It can also be used for the purpose of observation.<\/p>\n<p style=\"text-align: left\">\u00a0 \u00a0 \u00a0 \u00a0It is an indispensable part of Integrated Pest Management (IMP).<\/p>\n<p><span style=\"color: #ff0000\"><em><strong>Note:<\/strong> It can be produced in the intended size.<\/em><\/span><\/p>","protected":false},"excerpt":{"rendered":"<p>\u00d6rt\u00fc alt\u0131 ve a\u00e7\u0131k alanlarda beyaz sinek m\u00fccadelesinde g\u00f6zlem ve m\u00fccadele ama\u00e7l\u0131 kullan\u0131l\u0131r. Ebat: 30 cm x 100 m 15cm x 100 m Renk: \u0130ki Taraf\u0131 Yap\u0131\u015fkanl\u0131 Siyah Renk Hedef Zararl\u0131: Tuta Absoluta Tavsiye Edilen Miktar: Dekara 150m \u00a0 \u00a0 \u00a0 \u0130nsanlara ve ekolojik \u00e7evreye kar\u015f\u0131 toksik olmay\u0131p, zararl\u0131 b\u00f6cek yakalama kapasitesi son derece y\u00fcksektir. [&hellip;]<\/p>\n","protected":false},"featured_media":3087,"template":"","meta":[],"product_brand":[],"product_cat":[21],"product_tag":[],"class_list":{"0":"post-4444","1":"product","2":"type-product","3":"status-publish","4":"has-post-thumbnail","6":"product_cat-yapiskan-rulo-tuzaklar","8":"first","9":"instock","10":"shipping-taxable","11":"product-type-simple"},"yoast_head":"<!-- This site is optimized with the Yoast SEO plugin v27.4 - https:\/\/yoast.com\/product\/yoast-seo-wordpress\/ -->\n<title>Siyah Rulo Tuzak (30cmx100m) (15cmx100m) - OSB Biyolojik<\/title>\n<meta name=\"robots\" content=\"index, follow, max-snippet:-1, max-image-preview:large, max-video-preview:-1\" \/>\n<link rel=\"canonical\" href=\"https:\/\/www.osbbiyolojik.com\/en\/product\/siyah-rulo-tuzak-30cmx100m\/\" \/>\n<meta property=\"og:locale\" content=\"en_US\" \/>\n<meta property=\"og:type\" content=\"article\" \/>\n<meta property=\"og:title\" content=\"Siyah Rulo Tuzak (30cmx100m) (15cmx100m) - OSB Biyolojik\" \/>\n<meta property=\"og:description\" content=\"\u00d6rt\u00fc alt\u0131 ve a\u00e7\u0131k alanlarda beyaz sinek m\u00fccadelesinde g\u00f6zlem ve m\u00fccadele ama\u00e7l\u0131 kullan\u0131l\u0131r. Ebat: 30 cm x 100 m 15cm x 100 m Renk: \u0130ki Taraf\u0131 Yap\u0131\u015fkanl\u0131 Siyah Renk Hedef Zararl\u0131: Tuta Absoluta Tavsiye Edilen Miktar: Dekara 150m \u00a0 \u00a0 \u00a0 \u0130nsanlara ve ekolojik \u00e7evreye kar\u015f\u0131 toksik olmay\u0131p, zararl\u0131 b\u00f6cek yakalama kapasitesi son derece y\u00fcksektir. [&hellip;]\" \/>\n<meta property=\"og:url\" content=\"https:\/\/www.osbbiyolojik.com\/en\/product\/siyah-rulo-tuzak-30cmx100m\/\" \/>\n<meta property=\"og:site_name\" content=\"OSB Biyolojik\" \/>\n<meta property=\"article:modified_time\" content=\"2022-03-17T18:54:50+00:00\" \/>\n<meta property=\"og:image\" content=\"https:\/\/www.osbbiyolojik.com\/wp-content\/uploads\/2021\/06\/siyah-rulo-tuzak.jpg\" \/>\n\t<meta property=\"og:image:width\" content=\"350\" \/>\n\t<meta property=\"og:image:height\" content=\"350\" \/>\n\t<meta property=\"og:image:type\" content=\"image\/jpeg\" \/>\n<meta name=\"twitter:card\" content=\"summary_large_image\" \/>\n<meta name=\"twitter:site\" content=\"@LtdOsb\" \/>\n<meta name=\"twitter:label1\" content=\"Est. reading time\" \/>\n\t<meta name=\"twitter:data1\" content=\"1 minute\" \/>\n<script type=\"application\/ld+json\" class=\"yoast-schema-graph\">{\"@context\":\"https:\\\/\\\/schema.org\",\"@graph\":[{\"@type\":\"WebPage\",\"@id\":\"https:\\\/\\\/www.osbbiyolojik.com\\\/urun\\\/siyah-rulo-tuzak-30cmx100m\\\/\",\"url\":\"https:\\\/\\\/www.osbbiyolojik.com\\\/urun\\\/siyah-rulo-tuzak-30cmx100m\\\/\",\"name\":\"Siyah Rulo Tuzak (30cmx100m) (15cmx100m) - OSB Biyolojik\",\"isPartOf\":{\"@id\":\"https:\\\/\\\/www.osbbiyolojik.com\\\/#website\"},\"primaryImageOfPage\":{\"@id\":\"https:\\\/\\\/www.osbbiyolojik.com\\\/urun\\\/siyah-rulo-tuzak-30cmx100m\\\/#primaryimage\"},\"image\":{\"@id\":\"https:\\\/\\\/www.osbbiyolojik.com\\\/urun\\\/siyah-rulo-tuzak-30cmx100m\\\/#primaryimage\"},\"thumbnailUrl\":\"https:\\\/\\\/www.osbbiyolojik.com\\\/wp-content\\\/uploads\\\/2021\\\/06\\\/siyah-rulo-tuzak.jpg\",\"datePublished\":\"2021-08-13T14:07:00+00:00\",\"dateModified\":\"2022-03-17T18:54:50+00:00\",\"breadcrumb\":{\"@id\":\"https:\\\/\\\/www.osbbiyolojik.com\\\/urun\\\/siyah-rulo-tuzak-30cmx100m\\\/#breadcrumb\"},\"inLanguage\":\"en-US\",\"potentialAction\":[{\"@type\":\"ReadAction\",\"target\":[\"https:\\\/\\\/www.osbbiyolojik.com\\\/urun\\\/siyah-rulo-tuzak-30cmx100m\\\/\"]}]},{\"@type\":\"ImageObject\",\"inLanguage\":\"en-US\",\"@id\":\"https:\\\/\\\/www.osbbiyolojik.com\\\/urun\\\/siyah-rulo-tuzak-30cmx100m\\\/#primaryimage\",\"url\":\"https:\\\/\\\/www.osbbiyolojik.com\\\/wp-content\\\/uploads\\\/2021\\\/06\\\/siyah-rulo-tuzak.jpg\",\"contentUrl\":\"https:\\\/\\\/www.osbbiyolojik.com\\\/wp-content\\\/uploads\\\/2021\\\/06\\\/siyah-rulo-tuzak.jpg\",\"width\":350,\"height\":350},{\"@type\":\"BreadcrumbList\",\"@id\":\"https:\\\/\\\/www.osbbiyolojik.com\\\/urun\\\/siyah-rulo-tuzak-30cmx100m\\\/#breadcrumb\",\"itemListElement\":[{\"@type\":\"ListItem\",\"position\":1,\"name\":\"Anasayfa\",\"item\":\"https:\\\/\\\/www.osbbiyolojik.com\\\/\"},{\"@type\":\"ListItem\",\"position\":2,\"name\":\"\u00dcr\u00fcnlerimiz\",\"item\":\"https:\\\/\\\/www.osbbiyolojik.com\\\/en\\\/urunlerimiz\\\/\"},{\"@type\":\"ListItem\",\"position\":3,\"name\":\"Yap\u0131\u015fkan Rulo Tuzaklar\",\"item\":\"https:\\\/\\\/www.osbbiyolojik.com\\\/urun-kategori\\\/yapiskan-rulo-tuzaklar\\\/\"},{\"@type\":\"ListItem\",\"position\":4,\"name\":\"Siyah Rulo Tuzak (30cmx100m) (15cmx100m)\"}]},{\"@type\":\"WebSite\",\"@id\":\"https:\\\/\\\/www.osbbiyolojik.com\\\/#website\",\"url\":\"https:\\\/\\\/www.osbbiyolojik.com\\\/\",\"name\":\"OSB Biyolojik\",\"description\":\"Bitki Koruma Sistemleri\",\"publisher\":{\"@id\":\"https:\\\/\\\/www.osbbiyolojik.com\\\/#organization\"},\"potentialAction\":[{\"@type\":\"SearchAction\",\"target\":{\"@type\":\"EntryPoint\",\"urlTemplate\":\"https:\\\/\\\/www.osbbiyolojik.com\\\/?s={search_term_string}\"},\"query-input\":{\"@type\":\"PropertyValueSpecification\",\"valueRequired\":true,\"valueName\":\"search_term_string\"}}],\"inLanguage\":\"en-US\"},{\"@type\":\"Organization\",\"@id\":\"https:\\\/\\\/www.osbbiyolojik.com\\\/#organization\",\"name\":\"OSB B\u0130YOLOJ\u0130K Bitki Koruma Sistemleri\",\"url\":\"https:\\\/\\\/www.osbbiyolojik.com\\\/\",\"logo\":{\"@type\":\"ImageObject\",\"inLanguage\":\"en-US\",\"@id\":\"https:\\\/\\\/www.osbbiyolojik.com\\\/#\\\/schema\\\/logo\\\/image\\\/\",\"url\":\"https:\\\/\\\/www.osbbiyolojik.com\\\/wp-content\\\/uploads\\\/2021\\\/02\\\/OSB-biyolojik-logo.png\",\"contentUrl\":\"https:\\\/\\\/www.osbbiyolojik.com\\\/wp-content\\\/uploads\\\/2021\\\/02\\\/OSB-biyolojik-logo.png\",\"width\":164,\"height\":62,\"caption\":\"OSB B\u0130YOLOJ\u0130K Bitki Koruma Sistemleri\"},\"image\":{\"@id\":\"https:\\\/\\\/www.osbbiyolojik.com\\\/#\\\/schema\\\/logo\\\/image\\\/\"},\"sameAs\":[\"https:\\\/\\\/x.com\\\/LtdOsb\",\"https:\\\/\\\/www.instagram.com\\\/2021osb\\\/\"]}]}<\/script>\n<!-- \/ Yoast SEO plugin. -->","yoast_head_json":{"title":"Siyah Rulo Tuzak (30cmx100m) (15cmx100m) - OSB Biyolojik","robots":{"index":"index","follow":"follow","max-snippet":"max-snippet:-1","max-image-preview":"max-image-preview:large","max-video-preview":"max-video-preview:-1"},"canonical":"https:\/\/www.osbbiyolojik.com\/en\/product\/siyah-rulo-tuzak-30cmx100m\/","og_locale":"en_US","og_type":"article","og_title":"Siyah Rulo Tuzak (30cmx100m) (15cmx100m) - OSB Biyolojik","og_description":"\u00d6rt\u00fc alt\u0131 ve a\u00e7\u0131k alanlarda beyaz sinek m\u00fccadelesinde g\u00f6zlem ve m\u00fccadele ama\u00e7l\u0131 kullan\u0131l\u0131r. Ebat: 30 cm x 100 m 15cm x 100 m Renk: \u0130ki Taraf\u0131 Yap\u0131\u015fkanl\u0131 Siyah Renk Hedef Zararl\u0131: Tuta Absoluta Tavsiye Edilen Miktar: Dekara 150m \u00a0 \u00a0 \u00a0 \u0130nsanlara ve ekolojik \u00e7evreye kar\u015f\u0131 toksik olmay\u0131p, zararl\u0131 b\u00f6cek yakalama kapasitesi son derece y\u00fcksektir. [&hellip;]","og_url":"https:\/\/www.osbbiyolojik.com\/en\/product\/siyah-rulo-tuzak-30cmx100m\/","og_site_name":"OSB Biyolojik","article_modified_time":"2022-03-17T18:54:50+00:00","og_image":[{"width":350,"height":350,"url":"https:\/\/www.osbbiyolojik.com\/wp-content\/uploads\/2021\/06\/siyah-rulo-tuzak.jpg","type":"image\/jpeg"}],"twitter_card":"summary_large_image","twitter_site":"@LtdOsb","twitter_misc":{"Est. reading time":"1 minute"},"schema":{"@context":"https:\/\/schema.org","@graph":[{"@type":"WebPage","@id":"https:\/\/www.osbbiyolojik.com\/urun\/siyah-rulo-tuzak-30cmx100m\/","url":"https:\/\/www.osbbiyolojik.com\/urun\/siyah-rulo-tuzak-30cmx100m\/","name":"Siyah Rulo Tuzak (30cmx100m) (15cmx100m) - OSB Biyolojik","isPartOf":{"@id":"https:\/\/www.osbbiyolojik.com\/#website"},"primaryImageOfPage":{"@id":"https:\/\/www.osbbiyolojik.com\/urun\/siyah-rulo-tuzak-30cmx100m\/#primaryimage"},"image":{"@id":"https:\/\/www.osbbiyolojik.com\/urun\/siyah-rulo-tuzak-30cmx100m\/#primaryimage"},"thumbnailUrl":"https:\/\/www.osbbiyolojik.com\/wp-content\/uploads\/2021\/06\/siyah-rulo-tuzak.jpg","datePublished":"2021-08-13T14:07:00+00:00","dateModified":"2022-03-17T18:54:50+00:00","breadcrumb":{"@id":"https:\/\/www.osbbiyolojik.com\/urun\/siyah-rulo-tuzak-30cmx100m\/#breadcrumb"},"inLanguage":"en-US","potentialAction":[{"@type":"ReadAction","target":["https:\/\/www.osbbiyolojik.com\/urun\/siyah-rulo-tuzak-30cmx100m\/"]}]},{"@type":"ImageObject","inLanguage":"en-US","@id":"https:\/\/www.osbbiyolojik.com\/urun\/siyah-rulo-tuzak-30cmx100m\/#primaryimage","url":"https:\/\/www.osbbiyolojik.com\/wp-content\/uploads\/2021\/06\/siyah-rulo-tuzak.jpg","contentUrl":"https:\/\/www.osbbiyolojik.com\/wp-content\/uploads\/2021\/06\/siyah-rulo-tuzak.jpg","width":350,"height":350},{"@type":"BreadcrumbList","@id":"https:\/\/www.osbbiyolojik.com\/urun\/siyah-rulo-tuzak-30cmx100m\/#breadcrumb","itemListElement":[{"@type":"ListItem","position":1,"name":"Anasayfa","item":"https:\/\/www.osbbiyolojik.com\/"},{"@type":"ListItem","position":2,"name":"\u00dcr\u00fcnlerimiz","item":"https:\/\/www.osbbiyolojik.com\/en\/urunlerimiz\/"},{"@type":"ListItem","position":3,"name":"Yap\u0131\u015fkan Rulo Tuzaklar","item":"https:\/\/www.osbbiyolojik.com\/urun-kategori\/yapiskan-rulo-tuzaklar\/"},{"@type":"ListItem","position":4,"name":"Siyah Rulo Tuzak (30cmx100m) (15cmx100m)"}]},{"@type":"WebSite","@id":"https:\/\/www.osbbiyolojik.com\/#website","url":"https:\/\/www.osbbiyolojik.com\/","name":"OSB BIOLOGICAL","description":"Bitki Koruma Sistemleri","publisher":{"@id":"https:\/\/www.osbbiyolojik.com\/#organization"},"potentialAction":[{"@type":"SearchAction","target":{"@type":"EntryPoint","urlTemplate":"https:\/\/www.osbbiyolojik.com\/?s={search_term_string}"},"query-input":{"@type":"PropertyValueSpecification","valueRequired":true,"valueName":"search_term_string"}}],"inLanguage":"en-US"},{"@type":"Organization","@id":"https:\/\/www.osbbiyolojik.com\/#organization","name":"OSB B\u0130YOLOJ\u0130K Bitki Koruma Sistemleri","url":"https:\/\/www.osbbiyolojik.com\/","logo":{"@type":"ImageObject","inLanguage":"en-US","@id":"https:\/\/www.osbbiyolojik.com\/#\/schema\/logo\/image\/","url":"https:\/\/www.osbbiyolojik.com\/wp-content\/uploads\/2021\/02\/OSB-biyolojik-logo.png","contentUrl":"https:\/\/www.osbbiyolojik.com\/wp-content\/uploads\/2021\/02\/OSB-biyolojik-logo.png","width":164,"height":62,"caption":"OSB B\u0130YOLOJ\u0130K Bitki Koruma Sistemleri"},"image":{"@id":"https:\/\/www.osbbiyolojik.com\/#\/schema\/logo\/image\/"},"sameAs":["https:\/\/x.com\/LtdOsb","https:\/\/www.instagram.com\/2021osb\/"]}]}},"_links":{"self":[{"href":"https:\/\/www.osbbiyolojik.com\/en\/wp-json\/wp\/v2\/product\/4444","targetHints":{"allow":["GET"]}}],"collection":[{"href":"https:\/\/www.osbbiyolojik.com\/en\/wp-json\/wp\/v2\/product"}],"about":[{"href":"https:\/\/www.osbbiyolojik.com\/en\/wp-json\/wp\/v2\/types\/product"}],"version-history":[{"count":1,"href":"https:\/\/www.osbbiyolojik.com\/en\/wp-json\/wp\/v2\/product\/4444\/revisions"}],"predecessor-version":[{"id":5237,"href":"https:\/\/www.osbbiyolojik.com\/en\/wp-json\/wp\/v2\/product\/4444\/revisions\/5237"}],"wp:featuredmedia":[{"embeddable":true,"href":"https:\/\/www.osbbiyolojik.com\/en\/wp-json\/wp\/v2\/media\/3087"}],"wp:attachment":[{"href":"https:\/\/www.osbbiyolojik.com\/en\/wp-json\/wp\/v2\/media?parent=4444"}],"wp:term":[{"taxonomy":"product_brand","embeddable":true,"href":"https:\/\/www.osbbiyolojik.com\/en\/wp-json\/wp\/v2\/product_brand?post=4444"},{"taxonomy":"product_cat","embeddable":true,"href":"https:\/\/www.osbbiyolojik.com\/en\/wp-json\/wp\/v2\/product_cat?post=4444"},{"taxonomy":"product_tag","embeddable":true,"href":"https:\/\/www.osbbiyolojik.com\/en\/wp-json\/wp\/v2\/product_tag?post=4444"}],"curies":[{"name":"wp","href":"https:\/\/api.w.org\/{rel}","templated":true}]}}